{"id":99,"date":"2016-10-27T09:15:58","date_gmt":"2016-10-27T08:15:58","guid":{"rendered":"http:\/\/www.glandasstrail.com\/?page_id=99"},"modified":"2020-07-01T09:59:18","modified_gmt":"2020-07-01T08:59:18","slug":"presentation","status":"publish","type":"page","link":"https:\/\/glandasstrail.com\/?page_id=99","title":{"rendered":"Pr\u00e9sentation"},"content":{"rendered":"<p>Glandass&rsquo;Trail se positionne comme le premier trail en terre du Diois &amp; Vercors.<\/p>\n<p>Au pied de la montagne de Glandasse, dans le <a href=\"https:\/\/www.france-voyage.com\/tourisme\/parc-naturel-regional-vercors-1517.htm\" rel=\"nofollow\">Parc Naturel R\u00e9gional du Vercors<\/a>, Ch\u00e2tillon-en-Diois fait partie des nombreux villages pittoresques de la <a href=\"https:\/\/www.france-voyage.com\/guide\/drome-departement.htm\" rel=\"nofollow\">Dr\u00f4me<\/a>. Entour\u00e9 de vignes et domin\u00e9 par de hautes falaises, son environnement reste encore sauvage et pr\u00e9serv\u00e9.<\/p>\n<p>Ch\u00e2tillon-en-Diois est une \u00e9tape pleine de charme en Pays Diois qu&rsquo;il doit \u00e0 ses \u00ab\u00a0viols\u00a0\u00bb, ces \u00e9troites ruelles en pente pav\u00e9es, mais aussi \u00e0 ses fontaines, ses fa\u00e7ades fleuries et ses passages vo\u00fbt\u00e9s. Au fil de la fl\u00e2nerie, laissez-vous succomber \u00e0 l&rsquo;atmosph\u00e8re paisible de ce village m\u00e9di\u00e9val par excellence.<\/p>\n<p>De Ch\u00e2tillon-en-Diois, labellis\u00e9 village botanique, s&rsquo;\u00e9chappent mille et une senteurs provenant de pr\u00e8s de 300 esp\u00e8ces et vari\u00e9t\u00e9s de plantes qui ornent les murs, les fen\u00eatres et les placettes. Vos sens seront incontestablement stimul\u00e9s pour un plaisir \u00e0 la fois olfactif et visuel.<\/p>\n<p>ITW Pr\u00e9sentation avec notre partenaire\u00a0 <a href=\"http:\/\/www.glandasstrail.com\/?page_id=504\"><img decoding=\"async\" class=\"alignnone wp-image-506\" src=\"https:\/\/glandasstrail.com\/wp-content\/uploads\/2017\/09\/francebleu.jpg\" alt=\"\" width=\"59\" height=\"59\" \/><\/a><\/p>\n<p>Dans un lieu unique et pr\u00e9serv\u00e9, que nous voulons partager avec vous. Mais attention de bien respecter la faune et la flore.<br \/>\nNous serons fermes et intransigeants sur votre comportement.<\/p>\n<p><a href=\"https:\/\/glandasstrail.com\/wp-content\/uploads\/2016\/10\/village.jpg\"><img fetchpriority=\"high\" decoding=\"async\" class=\"alignnone size-medium wp-image-84\" src=\"https:\/\/glandasstrail.com\/wp-content\/uploads\/2016\/10\/village-300x224.jpg\" alt=\"village\" width=\"300\" height=\"224\" srcset=\"https:\/\/glandasstrail.com\/wp-content\/uploads\/2016\/10\/village-300x224.jpg 300w, https:\/\/glandasstrail.com\/wp-content\/uploads\/2016\/10\/village.jpg 680w\" sizes=\"(max-width: 300px) 100vw, 300px\" \/><\/a>\u00a0 <a href=\"https:\/\/glandasstrail.com\/wp-content\/uploads\/2016\/10\/chatillondioisrempart.jpg\"><img decoding=\"async\" class=\"alignnone size-medium wp-image-85\" src=\"https:\/\/glandasstrail.com\/wp-content\/uploads\/2016\/10\/chatillondioisrempart-300x225.jpg\" alt=\"chatillondioisrempart\" width=\"300\" height=\"225\" srcset=\"https:\/\/glandasstrail.com\/wp-content\/uploads\/2016\/10\/chatillondioisrempart-300x225.jpg 300w, https:\/\/glandasstrail.com\/wp-content\/uploads\/2016\/10\/chatillondioisrempart-768x576.jpg 768w, https:\/\/glandasstrail.com\/wp-content\/uploads\/2016\/10\/chatillondioisrempart-1024x768.jpg 1024w\" sizes=\"(max-width: 300px) 100vw, 300px\" \/> <\/a><a href=\"https:\/\/glandasstrail.com\/wp-content\/uploads\/2016\/10\/village7.jpg\"><img loading=\"lazy\" decoding=\"async\" class=\"alignnone size-medium wp-image-89\" src=\"https:\/\/glandasstrail.com\/wp-content\/uploads\/2016\/10\/village7-300x225.jpg\" alt=\"village7\" width=\"300\" height=\"225\" srcset=\"https:\/\/glandasstrail.com\/wp-content\/uploads\/2016\/10\/village7-300x225.jpg 300w, https:\/\/glandasstrail.com\/wp-content\/uploads\/2016\/10\/village7.jpg 491w\" sizes=\"(max-width: 300px) 100vw, 300px\" \/> <\/a><a href=\"https:\/\/glandasstrail.com\/wp-content\/uploads\/2016\/10\/village3.jpg\"><img loading=\"lazy\" decoding=\"async\" class=\"alignnone size-medium wp-image-91\" src=\"https:\/\/glandasstrail.com\/wp-content\/uploads\/2016\/10\/village3-225x300.jpg\" alt=\"village3\" width=\"225\" height=\"300\" srcset=\"https:\/\/glandasstrail.com\/wp-content\/uploads\/2016\/10\/village3-225x300.jpg 225w, https:\/\/glandasstrail.com\/wp-content\/uploads\/2016\/10\/village3-300x400.jpg 300w, https:\/\/glandasstrail.com\/wp-content\/uploads\/2016\/10\/village3.jpg 372w\" sizes=\"(max-width: 225px) 100vw, 225px\" \/><\/a><\/p>\n<p>&nbsp;<\/p>\n<p><a href=\"https:\/\/glandasstrail.com\/wp-content\/uploads\/2016\/10\/montaiguille.png\"><img loading=\"lazy\" decoding=\"async\" class=\"alignnone size-medium wp-image-86\" src=\"https:\/\/glandasstrail.com\/wp-content\/uploads\/2016\/10\/montaiguille-300x200.png\" alt=\"montaiguille\" width=\"300\" height=\"200\" srcset=\"https:\/\/glandasstrail.com\/wp-content\/uploads\/2016\/10\/montaiguille-300x200.png 300w, https:\/\/glandasstrail.com\/wp-content\/uploads\/2016\/10\/montaiguille-768x512.png 768w, https:\/\/glandasstrail.com\/wp-content\/uploads\/2016\/10\/montaiguille-1024x683.png 1024w, https:\/\/glandasstrail.com\/wp-content\/uploads\/2016\/10\/montaiguille.png 1050w\" sizes=\"(max-width: 300px) 100vw, 300px\" \/> <\/a><a href=\"https:\/\/glandasstrail.com\/wp-content\/uploads\/2016\/10\/456841-1.jpg\"><img loading=\"lazy\" decoding=\"async\" class=\"alignnone size-medium wp-image-87\" src=\"https:\/\/glandasstrail.com\/wp-content\/uploads\/2016\/10\/456841-1-300x200.jpg\" alt=\"456841\" width=\"300\" height=\"200\" srcset=\"https:\/\/glandasstrail.com\/wp-content\/uploads\/2016\/10\/456841-1-300x200.jpg 300w, https:\/\/glandasstrail.com\/wp-content\/uploads\/2016\/10\/456841-1-768x512.jpg 768w, https:\/\/glandasstrail.com\/wp-content\/uploads\/2016\/10\/456841-1.jpg 800w\" sizes=\"(max-width: 300px) 100vw, 300px\" \/><\/a><a href=\"https:\/\/glandasstrail.com\/wp-content\/uploads\/2016\/10\/pas-de-lessaure-mt-aiguille-1.jpg\">\u00a0 <\/a><a href=\"https:\/\/glandasstrail.com\/wp-content\/uploads\/2016\/10\/le-tunnel.jpg\"><img loading=\"lazy\" decoding=\"async\" class=\"alignnone wp-image-266\" src=\"https:\/\/glandasstrail.com\/wp-content\/uploads\/2016\/10\/le-tunnel-300x213.jpg\" alt=\"\" width=\"300\" height=\"214\" \/><\/a><a href=\"https:\/\/glandasstrail.com\/wp-content\/uploads\/2016\/10\/le-puys.jpg\"><img loading=\"lazy\" decoding=\"async\" class=\"alignnone wp-image-267\" src=\"https:\/\/glandasstrail.com\/wp-content\/uploads\/2016\/10\/le-puys-300x227.jpg\" alt=\"\" width=\"264\" height=\"200\" srcset=\"https:\/\/glandasstrail.com\/wp-content\/uploads\/2016\/10\/le-puys-300x227.jpg 300w, https:\/\/glandasstrail.com\/wp-content\/uploads\/2016\/10\/le-puys-768x581.jpg 768w, https:\/\/glandasstrail.com\/wp-content\/uploads\/2016\/10\/le-puys.jpg 875w\" sizes=\"(max-width: 264px) 100vw, 264px\" \/><\/a><\/p>\n","protected":false},"excerpt":{"rendered":"<p>Glandass&rsquo;Trail se positionne comme le premier trail en terre du Diois &amp; Vercors. Au pied de la montagne de Glandasse, dans le Parc Naturel R\u00e9gional du Vercors, Ch\u00e2tillon-en-Diois fait partie des nombreux villages pittoresques de la Dr\u00f4me. Entour\u00e9 de vignes et domin\u00e9 par de hautes falaises, son environnement reste encore<a href=\"https:\/\/glandasstrail.com\/?page_id=99\" class=\"read-more\">Read More&#8230;<\/a><\/p>\n","protected":false},"author":1,"featured_media":0,"parent":0,"menu_order":0,"comment_status":"closed","ping_status":"closed","template":"","meta":{"footnotes":""},"class_list":["post-99","page","type-page","status-publish","hentry"],"yoast_head":"<!-- This site is optimized with the Yoast SEO plugin v27.5 - https:\/\/yoast.com\/product\/yoast-seo-wordpress\/ -->\n<title>Pr\u00e9sentation - Glandass&#039;Trail<\/title>\n<meta name=\"robots\" content=\"index, follow, max-snippet:-1, max-image-preview:large, max-video-preview:-1\" \/>\n<link rel=\"canonical\" href=\"https:\/\/glandasstrail.com\/?page_id=99\" \/>\n<meta property=\"og:locale\" content=\"fr_FR\" \/>\n<meta property=\"og:type\" content=\"article\" \/>\n<meta property=\"og:title\" content=\"Pr\u00e9sentation - Glandass&#039;Trail\" \/>\n<meta property=\"og:description\" content=\"Glandass&rsquo;Trail se positionne comme le premier trail en terre du Diois &amp; Vercors. Au pied de la montagne de Glandasse, dans le Parc Naturel R\u00e9gional du Vercors, Ch\u00e2tillon-en-Diois fait partie des nombreux villages pittoresques de la Dr\u00f4me. Entour\u00e9 de vignes et domin\u00e9 par de hautes falaises, son environnement reste encoreRead More...\" \/>\n<meta property=\"og:url\" content=\"https:\/\/glandasstrail.com\/?page_id=99\" \/>\n<meta property=\"og:site_name\" content=\"Glandass&#039;Trail\" \/>\n<meta property=\"article:modified_time\" content=\"2020-07-01T08:59:18+00:00\" \/>\n<meta property=\"og:image\" content=\"http:\/\/glandasstrail.com\/wp-content\/uploads\/2017\/09\/francebleu.jpg\" \/>\n<meta name=\"twitter:label1\" content=\"Dur\u00e9e de lecture estim\u00e9e\" \/>\n\t<meta name=\"twitter:data1\" content=\"1 minute\" \/>\n<script type=\"application\/ld+json\" class=\"yoast-schema-graph\">{\"@context\":\"https:\\\/\\\/schema.org\",\"@graph\":[{\"@type\":\"WebPage\",\"@id\":\"https:\\\/\\\/glandasstrail.com\\\/?page_id=99\",\"url\":\"https:\\\/\\\/glandasstrail.com\\\/?page_id=99\",\"name\":\"Pr\u00e9sentation - Glandass&#039;Trail\",\"isPartOf\":{\"@id\":\"https:\\\/\\\/glandasstrail.com\\\/#website\"},\"primaryImageOfPage\":{\"@id\":\"https:\\\/\\\/glandasstrail.com\\\/?page_id=99#primaryimage\"},\"image\":{\"@id\":\"https:\\\/\\\/glandasstrail.com\\\/?page_id=99#primaryimage\"},\"thumbnailUrl\":\"http:\\\/\\\/glandasstrail.com\\\/wp-content\\\/uploads\\\/2017\\\/09\\\/francebleu.jpg\",\"datePublished\":\"2016-10-27T08:15:58+00:00\",\"dateModified\":\"2020-07-01T08:59:18+00:00\",\"breadcrumb\":{\"@id\":\"https:\\\/\\\/glandasstrail.com\\\/?page_id=99#breadcrumb\"},\"inLanguage\":\"fr-FR\",\"potentialAction\":[{\"@type\":\"ReadAction\",\"target\":[\"https:\\\/\\\/glandasstrail.com\\\/?page_id=99\"]}]},{\"@type\":\"ImageObject\",\"inLanguage\":\"fr-FR\",\"@id\":\"https:\\\/\\\/glandasstrail.com\\\/?page_id=99#primaryimage\",\"url\":\"http:\\\/\\\/glandasstrail.com\\\/wp-content\\\/uploads\\\/2017\\\/09\\\/francebleu.jpg\",\"contentUrl\":\"http:\\\/\\\/glandasstrail.com\\\/wp-content\\\/uploads\\\/2017\\\/09\\\/francebleu.jpg\"},{\"@type\":\"BreadcrumbList\",\"@id\":\"https:\\\/\\\/glandasstrail.com\\\/?page_id=99#breadcrumb\",\"itemListElement\":[{\"@type\":\"ListItem\",\"position\":1,\"name\":\"Accueil\",\"item\":\"https:\\\/\\\/glandasstrail.com\\\/\"},{\"@type\":\"ListItem\",\"position\":2,\"name\":\"Pr\u00e9sentation\"}]},{\"@type\":\"WebSite\",\"@id\":\"https:\\\/\\\/glandasstrail.com\\\/#website\",\"url\":\"https:\\\/\\\/glandasstrail.com\\\/\",\"name\":\"Glandass&#039;Trail\",\"description\":\"Le trail des hauts plateaux du vercors\",\"potentialAction\":[{\"@type\":\"SearchAction\",\"target\":{\"@type\":\"EntryPoint\",\"urlTemplate\":\"https:\\\/\\\/glandasstrail.com\\\/?s={search_term_string}\"},\"query-input\":{\"@type\":\"PropertyValueSpecification\",\"valueRequired\":true,\"valueName\":\"search_term_string\"}}],\"inLanguage\":\"fr-FR\"}]}<\/script>\n<!-- \/ Yoast SEO plugin. -->","yoast_head_json":{"title":"Pr\u00e9sentation - Glandass&#039;Trail","robots":{"index":"index","follow":"follow","max-snippet":"max-snippet:-1","max-image-preview":"max-image-preview:large","max-video-preview":"max-video-preview:-1"},"canonical":"https:\/\/glandasstrail.com\/?page_id=99","og_locale":"fr_FR","og_type":"article","og_title":"Pr\u00e9sentation - Glandass&#039;Trail","og_description":"Glandass&rsquo;Trail se positionne comme le premier trail en terre du Diois &amp; Vercors. Au pied de la montagne de Glandasse, dans le Parc Naturel R\u00e9gional du Vercors, Ch\u00e2tillon-en-Diois fait partie des nombreux villages pittoresques de la Dr\u00f4me. Entour\u00e9 de vignes et domin\u00e9 par de hautes falaises, son environnement reste encoreRead More...","og_url":"https:\/\/glandasstrail.com\/?page_id=99","og_site_name":"Glandass&#039;Trail","article_modified_time":"2020-07-01T08:59:18+00:00","og_image":[{"url":"http:\/\/glandasstrail.com\/wp-content\/uploads\/2017\/09\/francebleu.jpg","type":"","width":"","height":""}],"twitter_misc":{"Dur\u00e9e de lecture estim\u00e9e":"1 minute"},"schema":{"@context":"https:\/\/schema.org","@graph":[{"@type":"WebPage","@id":"https:\/\/glandasstrail.com\/?page_id=99","url":"https:\/\/glandasstrail.com\/?page_id=99","name":"Pr\u00e9sentation - Glandass&#039;Trail","isPartOf":{"@id":"https:\/\/glandasstrail.com\/#website"},"primaryImageOfPage":{"@id":"https:\/\/glandasstrail.com\/?page_id=99#primaryimage"},"image":{"@id":"https:\/\/glandasstrail.com\/?page_id=99#primaryimage"},"thumbnailUrl":"http:\/\/glandasstrail.com\/wp-content\/uploads\/2017\/09\/francebleu.jpg","datePublished":"2016-10-27T08:15:58+00:00","dateModified":"2020-07-01T08:59:18+00:00","breadcrumb":{"@id":"https:\/\/glandasstrail.com\/?page_id=99#breadcrumb"},"inLanguage":"fr-FR","potentialAction":[{"@type":"ReadAction","target":["https:\/\/glandasstrail.com\/?page_id=99"]}]},{"@type":"ImageObject","inLanguage":"fr-FR","@id":"https:\/\/glandasstrail.com\/?page_id=99#primaryimage","url":"http:\/\/glandasstrail.com\/wp-content\/uploads\/2017\/09\/francebleu.jpg","contentUrl":"http:\/\/glandasstrail.com\/wp-content\/uploads\/2017\/09\/francebleu.jpg"},{"@type":"BreadcrumbList","@id":"https:\/\/glandasstrail.com\/?page_id=99#breadcrumb","itemListElement":[{"@type":"ListItem","position":1,"name":"Accueil","item":"https:\/\/glandasstrail.com\/"},{"@type":"ListItem","position":2,"name":"Pr\u00e9sentation"}]},{"@type":"WebSite","@id":"https:\/\/glandasstrail.com\/#website","url":"https:\/\/glandasstrail.com\/","name":"Glandass&#039;Trail","description":"Le trail des hauts plateaux du vercors","potentialAction":[{"@type":"SearchAction","target":{"@type":"EntryPoint","urlTemplate":"https:\/\/glandasstrail.com\/?s={search_term_string}"},"query-input":{"@type":"PropertyValueSpecification","valueRequired":true,"valueName":"search_term_string"}}],"inLanguage":"fr-FR"}]}},"_links":{"self":[{"href":"https:\/\/glandasstrail.com\/index.php?rest_route=\/wp\/v2\/pages\/99","targetHints":{"allow":["GET"]}}],"collection":[{"href":"https:\/\/glandasstrail.com\/index.php?rest_route=\/wp\/v2\/pages"}],"about":[{"href":"https:\/\/glandasstrail.com\/index.php?rest_route=\/wp\/v2\/types\/page"}],"author":[{"embeddable":true,"href":"https:\/\/glandasstrail.com\/index.php?rest_route=\/wp\/v2\/users\/1"}],"replies":[{"embeddable":true,"href":"https:\/\/glandasstrail.com\/index.php?rest_route=%2Fwp%2Fv2%2Fcomments&post=99"}],"version-history":[{"count":10,"href":"https:\/\/glandasstrail.com\/index.php?rest_route=\/wp\/v2\/pages\/99\/revisions"}],"predecessor-version":[{"id":832,"href":"https:\/\/glandasstrail.com\/index.php?rest_route=\/wp\/v2\/pages\/99\/revisions\/832"}],"wp:attachment":[{"href":"https:\/\/glandasstrail.com\/index.php?rest_route=%2Fwp%2Fv2%2Fmedia&parent=99"}],"curies":[{"name":"wp","href":"https:\/\/api.w.org\/{rel}","templated":true}]}}