{"id":523,"date":"2017-09-11T16:10:59","date_gmt":"2017-09-11T15:10:59","guid":{"rendered":"http:\/\/www.glandasstrail.com\/?page_id=523"},"modified":"2024-07-10T09:59:32","modified_gmt":"2024-07-10T08:59:32","slug":"resultats","status":"publish","type":"page","link":"https:\/\/glandasstrail.com\/?page_id=523","title":{"rendered":"R\u00e9sultats"},"content":{"rendered":"<p><a href=\"https:\/\/bases.athle.fr\/asp.net\/liste.aspx?frmbase=resultats&amp;frmmode=1&amp;frmespace=0&amp;frmcompetition=283165\" target=\"_blank\" rel=\"noopener\">R\u00e9sultats 2024<\/a> \u00ab\u00a0Attention Pano Vercors 4 arrivants, les autres coureurs ne sont pas class\u00e9s. Arr\u00eat de la course au 40km\u00a0\u00bb<\/p>\n<p>R\u00e9sultats 2021<\/p>\n<p><a href=\"https:\/\/glandasstrail.com\/wp-content\/uploads\/2021\/09\/resultats_liverace_17-km.pdf\">17-km<\/a><\/p>\n<p><a href=\"https:\/\/glandasstrail.com\/wp-content\/uploads\/2021\/09\/resultats_liverace_37km.pdf\">37km<\/a><\/p>\n<p><a href=\"https:\/\/glandasstrail.com\/wp-content\/uploads\/2021\/09\/resultats_liverace_pano-67km-1.pdf\">Pano-67km (1)<\/a><\/p>\n<p>R\u00e9sultats 2020<\/p>\n<p><a href=\"https:\/\/glandasstrail.com\/wp-content\/uploads\/2020\/09\/resultats_17km.pdf\">17km<\/a><\/p>\n<p><a href=\"https:\/\/glandasstrail.com\/wp-content\/uploads\/2020\/09\/resultats_37km.pdf\">37km<\/a><\/p>\n<p><a href=\"https:\/\/glandasstrail.com\/wp-content\/uploads\/2020\/09\/resultats_pano82km.xls\">Pano Vercors<\/a><\/p>\n<p>R\u00e9sultats 2018<\/p>\n<p><a href=\"https:\/\/glandasstrail.com\/wp-content\/uploads\/2018\/06\/Re\u0301sultats-15km.pdf\">Re\u0301sultats 15km<\/a><\/p>\n<p><a href=\"https:\/\/glandasstrail.com\/wp-content\/uploads\/2018\/06\/Re\u0301sultats-32km.pdf\">Re\u0301sultats 32km<\/a><\/p>\n<p><a href=\"https:\/\/glandasstrail.com\/wp-content\/uploads\/2018\/06\/Re\u0301sultats-66km.pdf\">Re\u0301sultats 66km<\/a><\/p>\n<p><a href=\"https:\/\/glandasstrail.com\/wp-content\/uploads\/2018\/06\/Re\u0301sultats-98km.pdf\">Re\u0301sultats 98km<\/a><\/p>\n<p><a href=\"https:\/\/glandasstrail.com\/wp-content\/uploads\/2018\/06\/Re\u0301sultats-glandass-trophee.pdf\">Re\u0301sultats glandass trophee<\/a><\/p>\n<p><em>R\u00e9sultats 2017 :<\/em><\/p>\n<p><a href=\"https:\/\/glandasstrail.com\/wp-content\/uploads\/2017\/09\/resultats-14km-1.pdf\">resultats 14km\u00a0<\/a><\/p>\n<p><a href=\"https:\/\/glandasstrail.com\/wp-content\/uploads\/2017\/09\/resultats-35km-1.pdf\">resultats 35km <\/a><\/p>\n<p><a href=\"https:\/\/glandasstrail.com\/wp-content\/uploads\/2017\/09\/resultats-66km-1.pdf\">resultats 66km<\/a><\/p>\n<p><a href=\"https:\/\/glandasstrail.com\/wp-content\/uploads\/2017\/09\/resultats-relais.pdf\">resultats relais<\/a><\/p>\n","protected":false},"excerpt":{"rendered":"<p>R\u00e9sultats 2024 \u00ab\u00a0Attention Pano Vercors 4 arrivants, les autres coureurs ne sont pas class\u00e9s. Arr\u00eat de la course au 40km\u00a0\u00bb R\u00e9sultats 2021 17-km 37km Pano-67km (1) R\u00e9sultats 2020 17km 37km Pano Vercors R\u00e9sultats 2018 Re\u0301sultats 15km Re\u0301sultats 32km Re\u0301sultats 66km Re\u0301sultats 98km Re\u0301sultats glandass trophee R\u00e9sultats 2017 : resultats 14km\u00a0<a href=\"https:\/\/glandasstrail.com\/?page_id=523\" class=\"read-more\">Read More&#8230;<\/a><\/p>\n","protected":false},"author":2,"featured_media":0,"parent":0,"menu_order":0,"comment_status":"closed","ping_status":"closed","template":"","meta":{"footnotes":""},"class_list":["post-523","page","type-page","status-publish","hentry"],"yoast_head":"<!-- This site is optimized with the Yoast SEO plugin v27.5 - https:\/\/yoast.com\/product\/yoast-seo-wordpress\/ -->\n<title>R\u00e9sultats - Glandass&#039;Trail<\/title>\n<meta name=\"robots\" content=\"index, follow, max-snippet:-1, max-image-preview:large, max-video-preview:-1\" \/>\n<link rel=\"canonical\" href=\"https:\/\/glandasstrail.com\/?page_id=523\" \/>\n<meta property=\"og:locale\" content=\"fr_FR\" \/>\n<meta property=\"og:type\" content=\"article\" \/>\n<meta property=\"og:title\" content=\"R\u00e9sultats - Glandass&#039;Trail\" \/>\n<meta property=\"og:description\" content=\"R\u00e9sultats 2024 \u00ab\u00a0Attention Pano Vercors 4 arrivants, les autres coureurs ne sont pas class\u00e9s. Arr\u00eat de la course au 40km\u00a0\u00bb R\u00e9sultats 2021 17-km 37km Pano-67km (1) R\u00e9sultats 2020 17km 37km Pano Vercors R\u00e9sultats 2018 Re\u0301sultats 15km Re\u0301sultats 32km Re\u0301sultats 66km Re\u0301sultats 98km Re\u0301sultats glandass trophee R\u00e9sultats 2017 : resultats 14km\u00a0Read More...\" \/>\n<meta property=\"og:url\" content=\"https:\/\/glandasstrail.com\/?page_id=523\" \/>\n<meta property=\"og:site_name\" content=\"Glandass&#039;Trail\" \/>\n<meta property=\"article:modified_time\" content=\"2024-07-10T08:59:32+00:00\" \/>\n<meta name=\"twitter:label1\" content=\"Dur\u00e9e de lecture estim\u00e9e\" \/>\n\t<meta name=\"twitter:data1\" content=\"1 minute\" \/>\n<script type=\"application\/ld+json\" class=\"yoast-schema-graph\">{\"@context\":\"https:\\\/\\\/schema.org\",\"@graph\":[{\"@type\":\"WebPage\",\"@id\":\"https:\\\/\\\/glandasstrail.com\\\/?page_id=523\",\"url\":\"https:\\\/\\\/glandasstrail.com\\\/?page_id=523\",\"name\":\"R\u00e9sultats - Glandass&#039;Trail\",\"isPartOf\":{\"@id\":\"https:\\\/\\\/glandasstrail.com\\\/#website\"},\"datePublished\":\"2017-09-11T15:10:59+00:00\",\"dateModified\":\"2024-07-10T08:59:32+00:00\",\"breadcrumb\":{\"@id\":\"https:\\\/\\\/glandasstrail.com\\\/?page_id=523#breadcrumb\"},\"inLanguage\":\"fr-FR\",\"potentialAction\":[{\"@type\":\"ReadAction\",\"target\":[\"https:\\\/\\\/glandasstrail.com\\\/?page_id=523\"]}]},{\"@type\":\"BreadcrumbList\",\"@id\":\"https:\\\/\\\/glandasstrail.com\\\/?page_id=523#breadcrumb\",\"itemListElement\":[{\"@type\":\"ListItem\",\"position\":1,\"name\":\"Accueil\",\"item\":\"https:\\\/\\\/glandasstrail.com\\\/\"},{\"@type\":\"ListItem\",\"position\":2,\"name\":\"R\u00e9sultats\"}]},{\"@type\":\"WebSite\",\"@id\":\"https:\\\/\\\/glandasstrail.com\\\/#website\",\"url\":\"https:\\\/\\\/glandasstrail.com\\\/\",\"name\":\"Glandass&#039;Trail\",\"description\":\"Le trail des hauts plateaux du vercors\",\"potentialAction\":[{\"@type\":\"SearchAction\",\"target\":{\"@type\":\"EntryPoint\",\"urlTemplate\":\"https:\\\/\\\/glandasstrail.com\\\/?s={search_term_string}\"},\"query-input\":{\"@type\":\"PropertyValueSpecification\",\"valueRequired\":true,\"valueName\":\"search_term_string\"}}],\"inLanguage\":\"fr-FR\"}]}<\/script>\n<!-- \/ Yoast SEO plugin. -->","yoast_head_json":{"title":"R\u00e9sultats - Glandass&#039;Trail","robots":{"index":"index","follow":"follow","max-snippet":"max-snippet:-1","max-image-preview":"max-image-preview:large","max-video-preview":"max-video-preview:-1"},"canonical":"https:\/\/glandasstrail.com\/?page_id=523","og_locale":"fr_FR","og_type":"article","og_title":"R\u00e9sultats - Glandass&#039;Trail","og_description":"R\u00e9sultats 2024 \u00ab\u00a0Attention Pano Vercors 4 arrivants, les autres coureurs ne sont pas class\u00e9s. Arr\u00eat de la course au 40km\u00a0\u00bb R\u00e9sultats 2021 17-km 37km Pano-67km (1) R\u00e9sultats 2020 17km 37km Pano Vercors R\u00e9sultats 2018 Re\u0301sultats 15km Re\u0301sultats 32km Re\u0301sultats 66km Re\u0301sultats 98km Re\u0301sultats glandass trophee R\u00e9sultats 2017 : resultats 14km\u00a0Read More...","og_url":"https:\/\/glandasstrail.com\/?page_id=523","og_site_name":"Glandass&#039;Trail","article_modified_time":"2024-07-10T08:59:32+00:00","twitter_misc":{"Dur\u00e9e de lecture estim\u00e9e":"1 minute"},"schema":{"@context":"https:\/\/schema.org","@graph":[{"@type":"WebPage","@id":"https:\/\/glandasstrail.com\/?page_id=523","url":"https:\/\/glandasstrail.com\/?page_id=523","name":"R\u00e9sultats - Glandass&#039;Trail","isPartOf":{"@id":"https:\/\/glandasstrail.com\/#website"},"datePublished":"2017-09-11T15:10:59+00:00","dateModified":"2024-07-10T08:59:32+00:00","breadcrumb":{"@id":"https:\/\/glandasstrail.com\/?page_id=523#breadcrumb"},"inLanguage":"fr-FR","potentialAction":[{"@type":"ReadAction","target":["https:\/\/glandasstrail.com\/?page_id=523"]}]},{"@type":"BreadcrumbList","@id":"https:\/\/glandasstrail.com\/?page_id=523#breadcrumb","itemListElement":[{"@type":"ListItem","position":1,"name":"Accueil","item":"https:\/\/glandasstrail.com\/"},{"@type":"ListItem","position":2,"name":"R\u00e9sultats"}]},{"@type":"WebSite","@id":"https:\/\/glandasstrail.com\/#website","url":"https:\/\/glandasstrail.com\/","name":"Glandass&#039;Trail","description":"Le trail des hauts plateaux du vercors","potentialAction":[{"@type":"SearchAction","target":{"@type":"EntryPoint","urlTemplate":"https:\/\/glandasstrail.com\/?s={search_term_string}"},"query-input":{"@type":"PropertyValueSpecification","valueRequired":true,"valueName":"search_term_string"}}],"inLanguage":"fr-FR"}]}},"_links":{"self":[{"href":"https:\/\/glandasstrail.com\/index.php?rest_route=\/wp\/v2\/pages\/523","targetHints":{"allow":["GET"]}}],"collection":[{"href":"https:\/\/glandasstrail.com\/index.php?rest_route=\/wp\/v2\/pages"}],"about":[{"href":"https:\/\/glandasstrail.com\/index.php?rest_route=\/wp\/v2\/types\/page"}],"author":[{"embeddable":true,"href":"https:\/\/glandasstrail.com\/index.php?rest_route=\/wp\/v2\/users\/2"}],"replies":[{"embeddable":true,"href":"https:\/\/glandasstrail.com\/index.php?rest_route=%2Fwp%2Fv2%2Fcomments&post=523"}],"version-history":[{"count":8,"href":"https:\/\/glandasstrail.com\/index.php?rest_route=\/wp\/v2\/pages\/523\/revisions"}],"predecessor-version":[{"id":1115,"href":"https:\/\/glandasstrail.com\/index.php?rest_route=\/wp\/v2\/pages\/523\/revisions\/1115"}],"wp:attachment":[{"href":"https:\/\/glandasstrail.com\/index.php?rest_route=%2Fwp%2Fv2%2Fmedia&parent=523"}],"curies":[{"name":"wp","href":"https:\/\/api.w.org\/{rel}","templated":true}]}}