{"id":504,"date":"2017-09-06T10:06:43","date_gmt":"2017-09-06T09:06:43","guid":{"rendered":"http:\/\/www.glandasstrail.com\/?page_id=504"},"modified":"2024-06-26T10:11:01","modified_gmt":"2024-06-26T09:11:01","slug":"news","status":"publish","type":"page","link":"https:\/\/glandasstrail.com\/?page_id=504","title":{"rendered":"NEWS"},"content":{"rendered":"<div class=\"o9v6fnle cxmmr5t8 oygrvhab hcukyx3x c1et5uql ii04i59q\">\n<div dir=\"auto\">\n<div class=\"o9v6fnle cxmmr5t8 oygrvhab hcukyx3x c1et5uql ii04i59q\">\n<div dir=\"auto\">\n<div class=\"xdj266r x11i5rnm xat24cr x1mh8g0r x1vvkbs x126k92a\">\n<div dir=\"auto\">Glandass&rsquo;Trail : Informations importantes pour les coureurs<\/div>\n<div dir=\"auto\">Coureurs du Glandass&rsquo;Trail, soyez prudents et bien pr\u00e9par\u00e9s ! <span class=\"html-span xexx8yu x4uap5 x18d9i69 xkhd6sd x1hl2dhg x16tdsg8 x1vvkbs x3nfvp2 x1j61x8r x1fcty0u xdj266r xat24cr xgzva0m xhhsvwb xxymvpz xlup9mm x1kky2od\"><img decoding=\"async\" class=\"xz74otr\" src=\"https:\/\/static.xx.fbcdn.net\/images\/emoji.php\/v9\/t22\/1\/16\/26c8.png\" alt=\"\u26c8\ufe0f\" width=\"16\" height=\"16\" \/><\/span><\/div>\n<\/div>\n<div class=\"x11i5rnm xat24cr x1mh8g0r x1vvkbs xtlvy1s x126k92a\">\n<div dir=\"auto\">Conditions m\u00e9t\u00e9orologiques :<\/div>\n<\/div>\n<div class=\"x11i5rnm xat24cr x1mh8g0r x1vvkbs xtlvy1s x126k92a\">\n<div dir=\"auto\">Les pr\u00e9visions pour le weekend du 29 et 30 juin sont variables, avec des risques d&rsquo;orages. Si le beau temps est \u00e9galement possible, il est important de vous informer et de vous pr\u00e9parer \u00e0 des conditions potentiellement difficiles.<\/div>\n<\/div>\n<div class=\"x11i5rnm xat24cr x1mh8g0r x1vvkbs xtlvy1s x126k92a\">\n<div dir=\"auto\">Pano Vercors 70km :<\/div>\n<\/div>\n<div class=\"x11i5rnm xat24cr x1mh8g0r x1vvkbs xtlvy1s x126k92a\">\n<div dir=\"auto\">En raison du terrain exigeant et des conditions m\u00e9t\u00e9orologiques changeantes, cette course est r\u00e9serv\u00e9e aux coureurs exp\u00e9riment\u00e9s et bien entra\u00een\u00e9s. Les passages sur les sommets peuvent \u00eatre d\u00e9licats, notamment en cas de vent.<\/div>\n<\/div>\n<div class=\"x11i5rnm xat24cr x1mh8g0r x1vvkbs xtlvy1s x126k92a\">\n<div dir=\"auto\">Responsabilit\u00e9 individuelle :<\/div>\n<\/div>\n<div class=\"x11i5rnm xat24cr x1mh8g0r x1vvkbs xtlvy1s x126k92a\">\n<div dir=\"auto\">En vous inscrivant au Glandass&rsquo;Trail, vous vous engagez dans un trail en milieu naturel, avec toutes les difficult\u00e9s que cela implique. Soyez vigilants, respectez les autres coureurs et l&rsquo;environnement, et suivez scrupuleusement les instructions de l&rsquo;organisation.<\/div>\n<\/div>\n<div class=\"x11i5rnm xat24cr x1mh8g0r x1vvkbs xtlvy1s x126k92a\">\n<div dir=\"auto\">Mat\u00e9riel obligatoire :<\/div>\n<\/div>\n<div class=\"x11i5rnm xat24cr x1mh8g0r x1vvkbs xtlvy1s x126k92a\">\n<div dir=\"auto\">Le mat\u00e9riel obligatoire est strictement contr\u00f4l\u00e9 et sa pr\u00e9sence est indispensable pour participer \u00e0 la course. Vous trouverez la liste compl\u00e8te ci-dessous :<\/div>\n<\/div>\n<div class=\"x11i5rnm xat24cr x1mh8g0r x1vvkbs xtlvy1s x126k92a\">\n<div dir=\"auto\">Un porte-bidons ou poche d&rsquo;eau avec r\u00e9serve d&rsquo;eau de 1,5 litre minimum (2 litres conseill\u00e9s)<\/div>\n<div dir=\"auto\">Une couverture de survie (210\u00d7140 cm minimum)<\/div>\n<div dir=\"auto\">Une r\u00e9serve \u00e9nerg\u00e9tique<\/div>\n<div dir=\"auto\">Deux lampes frontales en \u00e9tat de marche avec piles de rechange (Uniquement pour le 70 km)<\/div>\n<div dir=\"auto\">Une veste \u00e9tanche<\/div>\n<div dir=\"auto\">Un sifflet<\/div>\n<div dir=\"auto\">Une bande adh\u00e9sive permettant de faire un bandage ou un straping de 80 cm x 6 cm minimum<\/div>\n<div dir=\"auto\">Un t\u00e9l\u00e9phone portable charg\u00e9 et allum\u00e9<\/div>\n<div dir=\"auto\">Pi\u00e8ce d&rsquo;identit\u00e9<\/div>\n<div dir=\"auto\">Retrait des dossards :<\/div>\n<\/div>\n<div class=\"x11i5rnm xat24cr x1mh8g0r x1vvkbs xtlvy1s x126k92a\">\n<div dir=\"auto\">Vendredi de 17h \u00e0 19h<\/div>\n<div dir=\"auto\">Samedi matin \u00e0 partir de 5h<\/div>\n<div dir=\"auto\">Trace GPS :<\/div>\n<\/div>\n<div class=\"x11i5rnm xat24cr x1mh8g0r x1vvkbs xtlvy1s x126k92a\">\n<div dir=\"auto\">Vous pouvez t\u00e9l\u00e9charger la trace GPS au format GPX ici : <span class=\"html-span xdj266r x11i5rnm xat24cr x1mh8g0r xexx8yu x4uap5 x18d9i69 xkhd6sd x1hl2dhg x16tdsg8 x1vvkbs\"><a class=\"x1i10hfl xjbqb8w x1ejq31n xd10rxx x1sy0etr x17r0tee x972fbf xcfux6l x1qhh985 xm0m39n x9f619 x1ypdohk xt0psk2 xe8uvvx xdj266r x11i5rnm xat24cr x1mh8g0r xexx8yu x4uap5 x18d9i69 xkhd6sd x16tdsg8 x1hl2dhg xggy1nq x1a2a7pz x1sur9pj xkrqix3 x1fey0fg\" tabindex=\"0\" role=\"link\" href=\"https:\/\/www.visugpx.com\/recherche\/?string=%2Ftrail%2Falbertacce&amp;fbclid=IwZXh0bgNhZW0CMTAAAR09oA5ve_p-9Nc8tYU6QHlhCdQQMQ5_OU1XXKo_xRdEO9nCygcz0QqdIlo_aem_CG7VUwG8qWoACMlom1UAug\" target=\"_blank\" rel=\"nofollow noopener noreferrer\">https:\/\/www.visugpx.com\/recherche\/?string=\/trail\/albertacce<\/a><\/span><\/div>\n<\/div>\n<div class=\"x11i5rnm xat24cr x1mh8g0r x1vvkbs xtlvy1s x126k92a\">\n<div dir=\"auto\">Nous vous souhaitons une excellente fin de semaine et une course r\u00e9ussie !<\/div>\n<\/div>\n<div class=\"x11i5rnm xat24cr x1mh8g0r x1vvkbs xtlvy1s x126k92a\">\n<div dir=\"auto\">L&rsquo;\u00e9quipe du Glandass&rsquo;Trail<\/div>\n<\/div>\n<p>Glandass&rsquo;Trail 2024 : Ouverture des inscriptions le 15 janvier !<\/p>\n<p>Ch\u00e2tillon-en-Diois, France, A vos marques pour les inscriptions au Glandass&rsquo;Trail 2024 ! Cette ann\u00e9e, l&rsquo;\u00e9v\u00e9nement aura lieu les 29 et 30 juin, \u00e0 Ch\u00e2tillon-en-Diois, dans un des plus beau villages de France, situ\u00e9 dans la Dr\u00f4me.<\/p>\n<p>Le Glandass&rsquo;Trail est un trail qui propose trois parcours diff\u00e9rents et un challenge, \u00e0 travers les magnifiques paysages des hauts plateaux du Vercors. Les coureurs pourront choisir entre :<\/p>\n<ul>\n<li>La Pano Vercors, un trail de 70 km et 4 500 m\u00e8tres de d\u00e9nivel\u00e9 positif, qui offre des panoramas exceptionnels sur le massif du Vercors.<\/li>\n<li>Le Skyrunning, un trail de 39 km et 2 600 m\u00e8tres de d\u00e9nivel\u00e9 positif, qui traverse des sentiers techniques et escarp\u00e9s.<\/li>\n<li>La course de montagne, un trail de 19 km et 1 000 m\u00e8tres de d\u00e9nivel\u00e9 positif, qui est accessible \u00e0 tous les niveaux.<\/li>\n<li>NEWS une course de 6km et une rando<\/li>\n<li>Le Challenge Bouquetin, un trail de 109 km et 6 000 m\u00e8tres de d\u00e9nivel\u00e9 positif, qui combine la Pano Vercors et le Skyrunning.<\/li>\n<\/ul>\n<p>Les inscriptions sont ouvertes sur le site www.glandasstrail.com<\/p>\n<p>\u00ab\u00a0Nous sommes ravis d&rsquo;ouvrir les inscriptions au Glandass&rsquo;Trail 2024\u00a0\u00bb, d\u00e9clare Jack Peyrard]. \u00ab\u00a0Cette ann\u00e9e, nous avons d\u00e9cid\u00e9 de changer de date pour b\u00e9n\u00e9ficier de conditions climatiques plus favorables. Nous sommes impatients d&rsquo;accueillir les coureurs de tous niveaux pour leur faire d\u00e9couvrir les magnifiques paysages du Vercors.\u00a0\u00bb<\/p>\n<p>Le Glandass&rsquo;Trail est un \u00e9v\u00e9nement incontournable pour les amateurs de trail. Il offre une occasion unique de d\u00e9couvrir les richesses naturelles de la Dr\u00f4me<\/p>\n<\/div>\n<\/div>\n<\/div>\n<\/div>\n<p>Limitation des inscriptions \u00e0 500 coureurs le samedi et 500 coureurs le dimanche<\/p>\n<p>Vid\u00e9o Info Mag-1 Jocou<br \/>\n<code><iframe src=\"https:\/\/www.youtube.com\/embed\/6P9BflDUIjY\" width=\"560\" height=\"315\" frameborder=\"0\" allowfullscreen=\"allowfullscreen\"><\/iframe><\/code><\/p>\n<p>Mag-2 Derni\u00e8res infos sur la Pano-Vercors<br \/>\n<code><iframe src=\"https:\/\/www.youtube.com\/embed\/rAf7jFtHPeE\" width=\"560\" height=\"315\" frameborder=\"0\" allowfullscreen=\"allowfullscreen\"><\/iframe><\/code><\/p>\n<p>&nbsp;<\/p>\n<p>&nbsp;<\/p>\n<p>R\u00e9union de pr\u00e9sentation le 26 avril \u00e0 Chatillon en Diois. \u00e0 partir de 19h30 \u00e0 la salle des f\u00eates<\/p>\n<p>Benoit Girondel Parrain de l&rsquo;\u00e9dition 2018. Grand honneur pour l&rsquo;organisation d\u2019accueillir pour la deuxi\u00e8me fois notre Dr\u00f4mois, vainqueur du Grand Raid de la R\u00e9union.<\/p>\n<p><a href=\"https:\/\/glandasstrail.com\/wp-content\/uploads\/2017\/12\/ben2parrain.jpg\"><img decoding=\"async\" class=\"alignnone size-medium wp-image-611\" src=\"https:\/\/glandasstrail.com\/wp-content\/uploads\/2017\/12\/ben2parrain-300x136.jpg\" alt=\"\" width=\"300\" height=\"136\" srcset=\"https:\/\/glandasstrail.com\/wp-content\/uploads\/2017\/12\/ben2parrain-300x136.jpg 300w, https:\/\/glandasstrail.com\/wp-content\/uploads\/2017\/12\/ben2parrain-768x348.jpg 768w, https:\/\/glandasstrail.com\/wp-content\/uploads\/2017\/12\/ben2parrain-1024x464.jpg 1024w, https:\/\/glandasstrail.com\/wp-content\/uploads\/2017\/12\/ben2parrain.jpg 1334w\" sizes=\"(max-width: 300px) 100vw, 300px\" \/><\/a><\/p>\n<p>Des nouveaux parcours.<\/p>\n<p>Sur le 65 km qui passe \u00e0 63 km avec pour les coureurs au passage sur Boulc de prendre la direction du Jocou. Pour une aventure de 97km.<\/p>\n<p>Un relais duo. 97km, avec un passage de t\u00e9moin \u00e0 Boulc au 49\u00e8me Km<\/p>\n<p>&nbsp;<\/p>\n<p><a href=\"https:\/\/glandasstrail.com\/wp-content\/uploads\/2017\/09\/francebleu.jpg\"><img decoding=\"async\" class=\"alignnone size-full wp-image-506\" src=\"https:\/\/glandasstrail.com\/wp-content\/uploads\/2017\/09\/francebleu.jpg\" alt=\"\" width=\"120\" height=\"120\" \/><\/a><a href=\"https:\/\/glandasstrail.com\/wp-content\/uploads\/2017\/09\/RANDO-glandass_trail-NET_0c83fcae-5f56-43c0-b478-52a6b7a2f778_R26A.mp3\">\u00a0RANDO&#8211;glandass_trail&#8211;NET_0c83fcae-5f56-43c0-b478-52a6b7a2f778_R26A<\/a><\/p>\n","protected":false},"excerpt":{"rendered":"<p>Glandass&rsquo;Trail : Informations importantes pour les coureurs Coureurs du Glandass&rsquo;Trail, soyez prudents et bien pr\u00e9par\u00e9s ! Conditions m\u00e9t\u00e9orologiques : Les pr\u00e9visions pour le weekend du 29 et 30 juin sont variables, avec des risques d&rsquo;orages. Si le beau temps est \u00e9galement possible, il est important de vous informer et de<a href=\"https:\/\/glandasstrail.com\/?page_id=504\" class=\"read-more\">Read More&#8230;<\/a><\/p>\n","protected":false},"author":1,"featured_media":0,"parent":0,"menu_order":0,"comment_status":"closed","ping_status":"closed","template":"","meta":{"footnotes":""},"class_list":["post-504","page","type-page","status-publish","hentry"],"yoast_head":"<!-- This site is optimized with the Yoast SEO plugin v27.5 - https:\/\/yoast.com\/product\/yoast-seo-wordpress\/ -->\n<title>NEWS - Glandass&#039;Trail<\/title>\n<meta name=\"robots\" content=\"index, follow, max-snippet:-1, max-image-preview:large, max-video-preview:-1\" \/>\n<link rel=\"canonical\" href=\"https:\/\/glandasstrail.com\/?page_id=504\" \/>\n<meta property=\"og:locale\" content=\"fr_FR\" \/>\n<meta property=\"og:type\" content=\"article\" \/>\n<meta property=\"og:title\" content=\"NEWS - Glandass&#039;Trail\" \/>\n<meta property=\"og:description\" content=\"Glandass&rsquo;Trail : Informations importantes pour les coureurs Coureurs du Glandass&rsquo;Trail, soyez prudents et bien pr\u00e9par\u00e9s ! Conditions m\u00e9t\u00e9orologiques : Les pr\u00e9visions pour le weekend du 29 et 30 juin sont variables, avec des risques d&rsquo;orages. Si le beau temps est \u00e9galement possible, il est important de vous informer et deRead More...\" \/>\n<meta property=\"og:url\" content=\"https:\/\/glandasstrail.com\/?page_id=504\" \/>\n<meta property=\"og:site_name\" content=\"Glandass&#039;Trail\" \/>\n<meta property=\"article:modified_time\" content=\"2024-06-26T09:11:01+00:00\" \/>\n<meta property=\"og:image\" content=\"https:\/\/static.xx.fbcdn.net\/images\/emoji.php\/v9\/t22\/1\/16\/26c8.png\" \/>\n<meta name=\"twitter:label1\" content=\"Dur\u00e9e de lecture estim\u00e9e\" \/>\n\t<meta name=\"twitter:data1\" content=\"3 minutes\" \/>\n<script type=\"application\/ld+json\" class=\"yoast-schema-graph\">{\"@context\":\"https:\\\/\\\/schema.org\",\"@graph\":[{\"@type\":\"WebPage\",\"@id\":\"https:\\\/\\\/glandasstrail.com\\\/?page_id=504\",\"url\":\"https:\\\/\\\/glandasstrail.com\\\/?page_id=504\",\"name\":\"NEWS - Glandass&#039;Trail\",\"isPartOf\":{\"@id\":\"https:\\\/\\\/glandasstrail.com\\\/#website\"},\"primaryImageOfPage\":{\"@id\":\"https:\\\/\\\/glandasstrail.com\\\/?page_id=504#primaryimage\"},\"image\":{\"@id\":\"https:\\\/\\\/glandasstrail.com\\\/?page_id=504#primaryimage\"},\"thumbnailUrl\":\"https:\\\/\\\/static.xx.fbcdn.net\\\/images\\\/emoji.php\\\/v9\\\/t22\\\/1\\\/16\\\/26c8.png\",\"datePublished\":\"2017-09-06T09:06:43+00:00\",\"dateModified\":\"2024-06-26T09:11:01+00:00\",\"breadcrumb\":{\"@id\":\"https:\\\/\\\/glandasstrail.com\\\/?page_id=504#breadcrumb\"},\"inLanguage\":\"fr-FR\",\"potentialAction\":[{\"@type\":\"ReadAction\",\"target\":[\"https:\\\/\\\/glandasstrail.com\\\/?page_id=504\"]}]},{\"@type\":\"ImageObject\",\"inLanguage\":\"fr-FR\",\"@id\":\"https:\\\/\\\/glandasstrail.com\\\/?page_id=504#primaryimage\",\"url\":\"https:\\\/\\\/static.xx.fbcdn.net\\\/images\\\/emoji.php\\\/v9\\\/t22\\\/1\\\/16\\\/26c8.png\",\"contentUrl\":\"https:\\\/\\\/static.xx.fbcdn.net\\\/images\\\/emoji.php\\\/v9\\\/t22\\\/1\\\/16\\\/26c8.png\"},{\"@type\":\"BreadcrumbList\",\"@id\":\"https:\\\/\\\/glandasstrail.com\\\/?page_id=504#breadcrumb\",\"itemListElement\":[{\"@type\":\"ListItem\",\"position\":1,\"name\":\"Accueil\",\"item\":\"https:\\\/\\\/glandasstrail.com\\\/\"},{\"@type\":\"ListItem\",\"position\":2,\"name\":\"NEWS\"}]},{\"@type\":\"WebSite\",\"@id\":\"https:\\\/\\\/glandasstrail.com\\\/#website\",\"url\":\"https:\\\/\\\/glandasstrail.com\\\/\",\"name\":\"Glandass&#039;Trail\",\"description\":\"Le trail des hauts plateaux du vercors\",\"potentialAction\":[{\"@type\":\"SearchAction\",\"target\":{\"@type\":\"EntryPoint\",\"urlTemplate\":\"https:\\\/\\\/glandasstrail.com\\\/?s={search_term_string}\"},\"query-input\":{\"@type\":\"PropertyValueSpecification\",\"valueRequired\":true,\"valueName\":\"search_term_string\"}}],\"inLanguage\":\"fr-FR\"}]}<\/script>\n<!-- \/ Yoast SEO plugin. -->","yoast_head_json":{"title":"NEWS - Glandass&#039;Trail","robots":{"index":"index","follow":"follow","max-snippet":"max-snippet:-1","max-image-preview":"max-image-preview:large","max-video-preview":"max-video-preview:-1"},"canonical":"https:\/\/glandasstrail.com\/?page_id=504","og_locale":"fr_FR","og_type":"article","og_title":"NEWS - Glandass&#039;Trail","og_description":"Glandass&rsquo;Trail : Informations importantes pour les coureurs Coureurs du Glandass&rsquo;Trail, soyez prudents et bien pr\u00e9par\u00e9s ! Conditions m\u00e9t\u00e9orologiques : Les pr\u00e9visions pour le weekend du 29 et 30 juin sont variables, avec des risques d&rsquo;orages. Si le beau temps est \u00e9galement possible, il est important de vous informer et deRead More...","og_url":"https:\/\/glandasstrail.com\/?page_id=504","og_site_name":"Glandass&#039;Trail","article_modified_time":"2024-06-26T09:11:01+00:00","og_image":[{"url":"https:\/\/static.xx.fbcdn.net\/images\/emoji.php\/v9\/t22\/1\/16\/26c8.png","type":"","width":"","height":""}],"twitter_misc":{"Dur\u00e9e de lecture estim\u00e9e":"3 minutes"},"schema":{"@context":"https:\/\/schema.org","@graph":[{"@type":"WebPage","@id":"https:\/\/glandasstrail.com\/?page_id=504","url":"https:\/\/glandasstrail.com\/?page_id=504","name":"NEWS - Glandass&#039;Trail","isPartOf":{"@id":"https:\/\/glandasstrail.com\/#website"},"primaryImageOfPage":{"@id":"https:\/\/glandasstrail.com\/?page_id=504#primaryimage"},"image":{"@id":"https:\/\/glandasstrail.com\/?page_id=504#primaryimage"},"thumbnailUrl":"https:\/\/static.xx.fbcdn.net\/images\/emoji.php\/v9\/t22\/1\/16\/26c8.png","datePublished":"2017-09-06T09:06:43+00:00","dateModified":"2024-06-26T09:11:01+00:00","breadcrumb":{"@id":"https:\/\/glandasstrail.com\/?page_id=504#breadcrumb"},"inLanguage":"fr-FR","potentialAction":[{"@type":"ReadAction","target":["https:\/\/glandasstrail.com\/?page_id=504"]}]},{"@type":"ImageObject","inLanguage":"fr-FR","@id":"https:\/\/glandasstrail.com\/?page_id=504#primaryimage","url":"https:\/\/static.xx.fbcdn.net\/images\/emoji.php\/v9\/t22\/1\/16\/26c8.png","contentUrl":"https:\/\/static.xx.fbcdn.net\/images\/emoji.php\/v9\/t22\/1\/16\/26c8.png"},{"@type":"BreadcrumbList","@id":"https:\/\/glandasstrail.com\/?page_id=504#breadcrumb","itemListElement":[{"@type":"ListItem","position":1,"name":"Accueil","item":"https:\/\/glandasstrail.com\/"},{"@type":"ListItem","position":2,"name":"NEWS"}]},{"@type":"WebSite","@id":"https:\/\/glandasstrail.com\/#website","url":"https:\/\/glandasstrail.com\/","name":"Glandass&#039;Trail","description":"Le trail des hauts plateaux du vercors","potentialAction":[{"@type":"SearchAction","target":{"@type":"EntryPoint","urlTemplate":"https:\/\/glandasstrail.com\/?s={search_term_string}"},"query-input":{"@type":"PropertyValueSpecification","valueRequired":true,"valueName":"search_term_string"}}],"inLanguage":"fr-FR"}]}},"_links":{"self":[{"href":"https:\/\/glandasstrail.com\/index.php?rest_route=\/wp\/v2\/pages\/504","targetHints":{"allow":["GET"]}}],"collection":[{"href":"https:\/\/glandasstrail.com\/index.php?rest_route=\/wp\/v2\/pages"}],"about":[{"href":"https:\/\/glandasstrail.com\/index.php?rest_route=\/wp\/v2\/types\/page"}],"author":[{"embeddable":true,"href":"https:\/\/glandasstrail.com\/index.php?rest_route=\/wp\/v2\/users\/1"}],"replies":[{"embeddable":true,"href":"https:\/\/glandasstrail.com\/index.php?rest_route=%2Fwp%2Fv2%2Fcomments&post=504"}],"version-history":[{"count":12,"href":"https:\/\/glandasstrail.com\/index.php?rest_route=\/wp\/v2\/pages\/504\/revisions"}],"predecessor-version":[{"id":1109,"href":"https:\/\/glandasstrail.com\/index.php?rest_route=\/wp\/v2\/pages\/504\/revisions\/1109"}],"wp:attachment":[{"href":"https:\/\/glandasstrail.com\/index.php?rest_route=%2Fwp%2Fv2%2Fmedia&parent=504"}],"curies":[{"name":"wp","href":"https:\/\/api.w.org\/{rel}","templated":true}]}}