{"id":46,"date":"2016-10-26T13:21:12","date_gmt":"2016-10-26T12:21:12","guid":{"rendered":"http:\/\/glandasstrail.com\/wordpress\/?page_id=46"},"modified":"2025-06-04T16:38:38","modified_gmt":"2025-06-04T15:38:38","slug":"infos-pratiques","status":"publish","type":"page","link":"https:\/\/glandasstrail.com\/?page_id=46","title":{"rendered":"Infos pratiques"},"content":{"rendered":"<header class=\"entry-header\">\n<div class=\"\" dir=\"auto\">\n<div id=\"jsc_c_2n\" class=\"d2hqwtrz r227ecj6 ez8dtbzv gt60zsk1\" data-ad-comet-preview=\"message\" data-ad-preview=\"message\">\n<div class=\"alzwoclg cqf1kptm siwo0mpr gu5uzgus\">\n<div class=\"jroqu855 nthtkgg5\">\n<div class=\"m8h3af8h l7ghb35v kjdc1dyq kmwttqpk gh25dzvf n3t5jt4f\">\n<div dir=\"auto\">\n<div class=\"html-div xdj266r x14z9mp xat24cr x1lziwak xexx8yu xyri2b x18d9i69 x1c1uobl\" dir=\"auto\">\n<div class=\"html-div xdj266r x14z9mp xat24cr x1lziwak xexx8yu xyri2b x18d9i69 x1c1uobl\" dir=\"auto\">\n<div class=\"html-div xdj266r x14z9mp xat24cr x1lziwak xexx8yu xyri2b x18d9i69 x1c1uobl\" data-ad-rendering-role=\"story_message\">\n<div class=\"x1l90r2v x1iorvi4 x1g0dm76 xpdmqnj\" data-ad-comet-preview=\"message\" data-ad-preview=\"message\">\n<div class=\"x78zum5 xdt5ytf xz62fqu x16ldp7u\">\n<div class=\"xu06os2 x1ok221b\">\n<div class=\"html-div xdj266r x14z9mp xat24cr x1lziwak xexx8yu xyri2b x18d9i69 x1c1uobl\">\n<div class=\"xdj266r x14z9mp xat24cr x1lziwak x1vvkbs x126k92a\">\n<div dir=\"auto\"><span class=\"html-span xexx8yu xyri2b x18d9i69 x1c1uobl x1hl2dhg x16tdsg8 x1vvkbs x3nfvp2 x1j61x8r x1fcty0u xdj266r xat24cr xm2jcoa x1mpyi22 xxymvpz xlup9mm x1kky2od\"><img decoding=\"async\" class=\"xz74otr x168nmei x13lgxp2 x5pf9jr xo71vjh\" src=\"https:\/\/static.xx.fbcdn.net\/images\/emoji.php\/v9\/tba\/1\/16\/1f4e3.png\" alt=\"\ud83d\udce3\" width=\"16\" height=\"16\" \/><\/span> COMMUNIQU\u00c9 DE PRESSE \u2013 Report du Glandass&rsquo;Trail<\/div>\n<\/div>\n<div class=\"x14z9mp xat24cr x1lziwak x1vvkbs xtlvy1s x126k92a\">\n<div dir=\"auto\">Initialement pr\u00e9vu pour la fin juin, le Glandass&rsquo;Trail ne pourra malheureusement pas se tenir \u00e0 la date pr\u00e9vue.<\/div>\n<\/div>\n<div class=\"x14z9mp xat24cr x1lziwak x1vvkbs xtlvy1s x126k92a\">\n<div dir=\"auto\">L\u2019organisation est confront\u00e9e \u00e0 des probl\u00e9matiques logistiques sur le site habituel de d\u00e9part et d\u2019arriv\u00e9e, ne permettant pas de garantir l\u2019exp\u00e9rience et la s\u00e9curit\u00e9 que nous souhaitons offrir aux coureurs.<\/div>\n<\/div>\n<div class=\"x14z9mp xat24cr x1lziwak x1vvkbs xtlvy1s x126k92a\">\n<div dir=\"auto\">Nous travaillons actuellement \u00e0 une nouvelle proposition de date \u00e0 l\u2019automne, sur les mois de septembre ou octobre, avec un nouveau lieu de d\u00e9part et d\u2019arriv\u00e9e. Ce changement nous permettra de repenser les circuits tout en maintenant l\u2019esprit et l\u2019exigence du Glandass&rsquo;Trail.<\/div>\n<\/div>\n<div class=\"x14z9mp xat24cr x1lziwak x1vvkbs xtlvy1s x126k92a\">\n<div dir=\"auto\">Notre objectif reste inchang\u00e9 : offrir un \u00e9v\u00e9nement sportif de qualit\u00e9, une exp\u00e9rience exceptionnelle pour les participants, dans un cadre naturel pr\u00e9serv\u00e9 et avec une logistique \u00e0 la hauteur.<\/div>\n<\/div>\n<div class=\"x14z9mp xat24cr x1lziwak x1vvkbs xtlvy1s x126k92a\">\n<div dir=\"auto\"><span class=\"html-span xexx8yu xyri2b x18d9i69 x1c1uobl x1hl2dhg x16tdsg8 x1vvkbs x3nfvp2 x1j61x8r x1fcty0u xdj266r xat24cr xm2jcoa x1mpyi22 xxymvpz xlup9mm x1kky2od\"><img decoding=\"async\" class=\"xz74otr x168nmei x13lgxp2 x5pf9jr xo71vjh\" src=\"https:\/\/static.xx.fbcdn.net\/images\/emoji.php\/v9\/t2d\/1\/16\/1f4cd.png\" alt=\"\ud83d\udccd\" width=\"16\" height=\"16\" \/><\/span> Les nouvelles informations seront communiqu\u00e9es tr\u00e8s prochainement.<\/div>\n<\/div>\n<div class=\"x14z9mp xat24cr x1lziwak x1vvkbs xtlvy1s x126k92a\">\n<div dir=\"auto\">Merci \u00e0 tous pour votre compr\u00e9hension et votre confiance.<\/div>\n<div dir=\"auto\">\u00c0 tr\u00e8s vite sur les sentiers du Diois.<\/div>\n<\/div>\n<div class=\"x14z9mp xat24cr x1lziwak x1vvkbs xtlvy1s x126k92a\">\n<div dir=\"auto\">\u2014 L\u2019\u00e9quipe d\u2019organisation du Glandass&rsquo;Trail<\/div>\n<\/div>\n<\/div>\n<\/div>\n<\/div>\n<\/div>\n<\/div>\n<\/div>\n<\/div>\n<\/div>\n<\/div>\n<\/div>\n<\/div>\n<\/div>\n<\/div>\n<h1 class=\"entry-title\">Infos Pratiques<\/h1>\n<\/header>\n<div class=\"entry-content\">\n<p>\u00a0 \u00a0\u00a0 <a href=\"http:\/\/www.glandasstrail.com\/?page_id=504\"><img decoding=\"async\" class=\"alignnone wp-image-595\" src=\"https:\/\/glandasstrail.com\/wp-content\/uploads\/2016\/10\/news.jpg\" alt=\"\" width=\"112\" height=\"65\" \/><\/a><\/p>\n<article class=\"content\">\n<h3 class=\"chapo\">A chaque question ? Nous avons la r\u00e9ponse<\/h3>\n<p>Retrouvez toutes les informations concernant les \u00e9preuves du <strong>:<\/strong><\/p>\n<h2><strong>&#8212; Parkings<\/strong><\/h2>\n<p><a href=\"https:\/\/glandasstrail.com\/wp-content\/uploads\/2020\/09\/plan-chatillon.jpg\"><img loading=\"lazy\" decoding=\"async\" class=\"alignnone wp-image-881\" src=\"https:\/\/glandasstrail.com\/wp-content\/uploads\/2020\/09\/plan-chatillon-300x206.jpg\" alt=\"\" width=\"339\" height=\"233\" srcset=\"https:\/\/glandasstrail.com\/wp-content\/uploads\/2020\/09\/plan-chatillon-300x206.jpg 300w, https:\/\/glandasstrail.com\/wp-content\/uploads\/2020\/09\/plan-chatillon-768x526.jpg 768w, https:\/\/glandasstrail.com\/wp-content\/uploads\/2020\/09\/plan-chatillon.jpg 998w\" sizes=\"(max-width: 339px) 100vw, 339px\" \/><\/a><\/p>\n<h2><strong> \u2013 le programme des courses<\/strong><\/h2>\n<div class=\"o9v6fnle cxmmr5t8 oygrvhab hcukyx3x c1et5uql ii04i59q\">\n<div dir=\"auto\">Samedi Pano Vercors : D\u00e9part 5h30<\/div>\n<\/div>\n<div class=\"o9v6fnle cxmmr5t8 oygrvhab hcukyx3x c1et5uql ii04i59q\">\n<div dir=\"auto\">Dimanche 39km et 19km,11km et rando d\u00e9part 9h00<\/div>\n<div dir=\"auto\">Retrait des dossards \u00e0 partir de 8h<\/div>\n<\/div>\n<h2><strong>\u2013 Retrait des dossards<\/strong><\/h2>\n<p>Village course . Camping les chaussieres<br \/>\n<strong>Vendredi<\/strong> 17h-19h. Uniquement pano Vercors<\/p>\n<p><strong>Samedi :<br \/>\n<\/strong><\/p>\n<p>Retrait des dossards Pano Vercors, sur la ligne de d\u00e9part 5h10<br \/>\n39km et 19km =\u00a0 18h -19h30<\/p>\n<p><strong>Dimanche<\/strong><br \/>\n8h-8h45\u00a0 pour le 19km &amp; 39km<\/p>\n<h2><strong> \u2013 Tarifs :<\/strong><\/h2>\n<p>Inscrivez-vous sur Internet, c\u2019est plus rapide et c\u2019est s\u00e9curit\u00e9<br \/>\n\u2013<strong> 70km <\/strong><strong>\u2013 39 km<\/strong><strong>\u2013 19 km &#8211; 11 km<br \/>\n<\/strong><\/p>\n<\/article>\n<h2><strong>\u2013 Ravitaillements<\/strong><\/h2>\n<h3 class=\"chapo\">De quoi vous ravitailler tout au long des parcours<\/h3>\n<p>Vous trouverez des ravitaillements en eau et en aliments solides \u00a0\u00bb sal\u00e8 (Pain, Fromage, Charcuterie, chips..) sucr\u00e9 (G\u00e2teaux secs, sucres, &#8230;), Fruits (Bananes, Oranges), Boisson \u00e9nerg\u00e9tique Fenioux, \u00a0 sur les diff\u00e9rents parcours :<\/p>\n<p>N\u00e9anmoins il est obligatoire de partir avec des gourdes pleines ou des sacs \u00e0 eau et conseill\u00e9 de partir avec quelques barres ou gels \u00e9nerg\u00e9tiques, sur les courses.<\/p>\n<p><a href=\"http:\/\/www.glandasstrail.com\/?page_id=249\"><img loading=\"lazy\" decoding=\"async\" class=\"alignnone wp-image-603\" src=\"https:\/\/glandasstrail.com\/wp-content\/uploads\/2017\/12\/reglement-300x199.png\" alt=\"\" width=\"220\" height=\"146\" srcset=\"https:\/\/glandasstrail.com\/wp-content\/uploads\/2017\/12\/reglement-300x199.png 300w, https:\/\/glandasstrail.com\/wp-content\/uploads\/2017\/12\/reglement.png 610w\" sizes=\"(max-width: 220px) 100vw, 220px\" \/> LE REGLEMENT<\/a><\/p>\n<\/div>\n<h2><strong>\u2013 Remise des prix<\/strong><\/h2>\n<ul>\n<li>70km samedi\u00a0 16h<\/li>\n<li>39km Dimanche 14h &#8211; 14h30<\/li>\n<li>19km-11km Dimanche 12h<\/li>\n<\/ul>\n<div class=\"entry-content\">\n<h3 class=\"chapo\">Documents utiles<\/h3>\n<h3 class=\"chapo\">Un assurance annulation, pourquoi faire ?<\/h3>\n<p>En souscrivant \u00e0 l\u2019assurance annulation, vous pouvez vous faire rembourser vos frais d\u2019inscription,<strong> sur pr\u00e9sentation d\u2019un certificat m\u00e9dical avant le 2 juin.<\/strong> Si vous ne pouvez pas participer \u00e0 l\u2019\u00e9preuve pour des raisons m\u00e9dicales.<\/p>\n<h3 class=\"chapo\">Certificats M\u00e9dicaux<\/h3>\n<p>Les personnes inscrites doivent pr\u00e9senter une licence FFA ou FFTri \u00e0 jour \u00e0 la date de l\u2019\u00e9v\u00e8nement <strong>ou<\/strong> un certificat m\u00e9dical <strong>datant de moins d\u2019un an<\/strong> et mentionnant <em>la non-contre-indication \u00e0 la pratique de la course \u00e0 pied en comp\u00e9tition<\/em>.<\/p>\n<p><strong>Abandon &amp; Rapatriement <\/strong>Voici les points d\u2019abandons (obligatoires) et de rapatriement.<\/p>\n<p>70km:<\/p>\n<p>Col de men\u00e8e<br \/>\nCol de Grimone<br \/>\nBoulc<\/p>\n<p>39km :<br \/>\nChatillon en Diois<br \/>\nLes Gallands<\/p>\n<p><strong>H\u00e9bergement :<\/strong>Vous trouverez des infos dans la rubrique<a href=\"http:\/\/www.glandasstrail.com\/?page_id=280\"> s\u00e9jour<\/a><\/p>\n<div id=\"id_57235456b6cd04757309419\" class=\"text_exposed_root text_exposed\"><\/div>\n<\/div>\n","protected":false},"excerpt":{"rendered":"<p>COMMUNIQU\u00c9 DE PRESSE \u2013 Report du Glandass&rsquo;Trail Initialement pr\u00e9vu pour la fin juin, le Glandass&rsquo;Trail ne pourra malheureusement pas se tenir \u00e0 la date pr\u00e9vue. L\u2019organisation est confront\u00e9e \u00e0 des probl\u00e9matiques logistiques sur le site habituel de d\u00e9part et d\u2019arriv\u00e9e, ne permettant pas de garantir l\u2019exp\u00e9rience et la s\u00e9curit\u00e9 que<a href=\"https:\/\/glandasstrail.com\/?page_id=46\" class=\"read-more\">Read More&#8230;<\/a><\/p>\n","protected":false},"author":1,"featured_media":0,"parent":0,"menu_order":0,"comment_status":"closed","ping_status":"closed","template":"","meta":{"footnotes":""},"class_list":["post-46","page","type-page","status-publish","hentry"],"yoast_head":"<!-- This site is optimized with the Yoast SEO plugin v27.5 - https:\/\/yoast.com\/product\/yoast-seo-wordpress\/ -->\n<title>Infos pratiques - Glandass&#039;Trail<\/title>\n<meta name=\"robots\" content=\"index, follow, max-snippet:-1, max-image-preview:large, max-video-preview:-1\" \/>\n<link rel=\"canonical\" href=\"https:\/\/glandasstrail.com\/?page_id=46\" \/>\n<meta property=\"og:locale\" content=\"fr_FR\" \/>\n<meta property=\"og:type\" content=\"article\" \/>\n<meta property=\"og:title\" content=\"Infos pratiques - Glandass&#039;Trail\" \/>\n<meta property=\"og:description\" content=\"COMMUNIQU\u00c9 DE PRESSE \u2013 Report du Glandass&rsquo;Trail Initialement pr\u00e9vu pour la fin juin, le Glandass&rsquo;Trail ne pourra malheureusement pas se tenir \u00e0 la date pr\u00e9vue. L\u2019organisation est confront\u00e9e \u00e0 des probl\u00e9matiques logistiques sur le site habituel de d\u00e9part et d\u2019arriv\u00e9e, ne permettant pas de garantir l\u2019exp\u00e9rience et la s\u00e9curit\u00e9 queRead More...\" \/>\n<meta property=\"og:url\" content=\"https:\/\/glandasstrail.com\/?page_id=46\" \/>\n<meta property=\"og:site_name\" content=\"Glandass&#039;Trail\" \/>\n<meta property=\"article:modified_time\" content=\"2025-06-04T15:38:38+00:00\" \/>\n<meta property=\"og:image\" content=\"https:\/\/static.xx.fbcdn.net\/images\/emoji.php\/v9\/tba\/1\/16\/1f4e3.png\" \/>\n<meta name=\"twitter:label1\" content=\"Dur\u00e9e de lecture estim\u00e9e\" \/>\n\t<meta name=\"twitter:data1\" content=\"4 minutes\" \/>\n<script type=\"application\/ld+json\" class=\"yoast-schema-graph\">{\"@context\":\"https:\\\/\\\/schema.org\",\"@graph\":[{\"@type\":\"WebPage\",\"@id\":\"https:\\\/\\\/glandasstrail.com\\\/?page_id=46\",\"url\":\"https:\\\/\\\/glandasstrail.com\\\/?page_id=46\",\"name\":\"Infos pratiques - Glandass&#039;Trail\",\"isPartOf\":{\"@id\":\"https:\\\/\\\/glandasstrail.com\\\/#website\"},\"primaryImageOfPage\":{\"@id\":\"https:\\\/\\\/glandasstrail.com\\\/?page_id=46#primaryimage\"},\"image\":{\"@id\":\"https:\\\/\\\/glandasstrail.com\\\/?page_id=46#primaryimage\"},\"thumbnailUrl\":\"https:\\\/\\\/static.xx.fbcdn.net\\\/images\\\/emoji.php\\\/v9\\\/tba\\\/1\\\/16\\\/1f4e3.png\",\"datePublished\":\"2016-10-26T12:21:12+00:00\",\"dateModified\":\"2025-06-04T15:38:38+00:00\",\"breadcrumb\":{\"@id\":\"https:\\\/\\\/glandasstrail.com\\\/?page_id=46#breadcrumb\"},\"inLanguage\":\"fr-FR\",\"potentialAction\":[{\"@type\":\"ReadAction\",\"target\":[\"https:\\\/\\\/glandasstrail.com\\\/?page_id=46\"]}]},{\"@type\":\"ImageObject\",\"inLanguage\":\"fr-FR\",\"@id\":\"https:\\\/\\\/glandasstrail.com\\\/?page_id=46#primaryimage\",\"url\":\"https:\\\/\\\/static.xx.fbcdn.net\\\/images\\\/emoji.php\\\/v9\\\/tba\\\/1\\\/16\\\/1f4e3.png\",\"contentUrl\":\"https:\\\/\\\/static.xx.fbcdn.net\\\/images\\\/emoji.php\\\/v9\\\/tba\\\/1\\\/16\\\/1f4e3.png\"},{\"@type\":\"BreadcrumbList\",\"@id\":\"https:\\\/\\\/glandasstrail.com\\\/?page_id=46#breadcrumb\",\"itemListElement\":[{\"@type\":\"ListItem\",\"position\":1,\"name\":\"Accueil\",\"item\":\"https:\\\/\\\/glandasstrail.com\\\/\"},{\"@type\":\"ListItem\",\"position\":2,\"name\":\"Infos pratiques\"}]},{\"@type\":\"WebSite\",\"@id\":\"https:\\\/\\\/glandasstrail.com\\\/#website\",\"url\":\"https:\\\/\\\/glandasstrail.com\\\/\",\"name\":\"Glandass&#039;Trail\",\"description\":\"Le trail des hauts plateaux du vercors\",\"potentialAction\":[{\"@type\":\"SearchAction\",\"target\":{\"@type\":\"EntryPoint\",\"urlTemplate\":\"https:\\\/\\\/glandasstrail.com\\\/?s={search_term_string}\"},\"query-input\":{\"@type\":\"PropertyValueSpecification\",\"valueRequired\":true,\"valueName\":\"search_term_string\"}}],\"inLanguage\":\"fr-FR\"}]}<\/script>\n<!-- \/ Yoast SEO plugin. -->","yoast_head_json":{"title":"Infos pratiques - Glandass&#039;Trail","robots":{"index":"index","follow":"follow","max-snippet":"max-snippet:-1","max-image-preview":"max-image-preview:large","max-video-preview":"max-video-preview:-1"},"canonical":"https:\/\/glandasstrail.com\/?page_id=46","og_locale":"fr_FR","og_type":"article","og_title":"Infos pratiques - Glandass&#039;Trail","og_description":"COMMUNIQU\u00c9 DE PRESSE \u2013 Report du Glandass&rsquo;Trail Initialement pr\u00e9vu pour la fin juin, le Glandass&rsquo;Trail ne pourra malheureusement pas se tenir \u00e0 la date pr\u00e9vue. L\u2019organisation est confront\u00e9e \u00e0 des probl\u00e9matiques logistiques sur le site habituel de d\u00e9part et d\u2019arriv\u00e9e, ne permettant pas de garantir l\u2019exp\u00e9rience et la s\u00e9curit\u00e9 queRead More...","og_url":"https:\/\/glandasstrail.com\/?page_id=46","og_site_name":"Glandass&#039;Trail","article_modified_time":"2025-06-04T15:38:38+00:00","og_image":[{"url":"https:\/\/static.xx.fbcdn.net\/images\/emoji.php\/v9\/tba\/1\/16\/1f4e3.png","type":"","width":"","height":""}],"twitter_misc":{"Dur\u00e9e de lecture estim\u00e9e":"4 minutes"},"schema":{"@context":"https:\/\/schema.org","@graph":[{"@type":"WebPage","@id":"https:\/\/glandasstrail.com\/?page_id=46","url":"https:\/\/glandasstrail.com\/?page_id=46","name":"Infos pratiques - Glandass&#039;Trail","isPartOf":{"@id":"https:\/\/glandasstrail.com\/#website"},"primaryImageOfPage":{"@id":"https:\/\/glandasstrail.com\/?page_id=46#primaryimage"},"image":{"@id":"https:\/\/glandasstrail.com\/?page_id=46#primaryimage"},"thumbnailUrl":"https:\/\/static.xx.fbcdn.net\/images\/emoji.php\/v9\/tba\/1\/16\/1f4e3.png","datePublished":"2016-10-26T12:21:12+00:00","dateModified":"2025-06-04T15:38:38+00:00","breadcrumb":{"@id":"https:\/\/glandasstrail.com\/?page_id=46#breadcrumb"},"inLanguage":"fr-FR","potentialAction":[{"@type":"ReadAction","target":["https:\/\/glandasstrail.com\/?page_id=46"]}]},{"@type":"ImageObject","inLanguage":"fr-FR","@id":"https:\/\/glandasstrail.com\/?page_id=46#primaryimage","url":"https:\/\/static.xx.fbcdn.net\/images\/emoji.php\/v9\/tba\/1\/16\/1f4e3.png","contentUrl":"https:\/\/static.xx.fbcdn.net\/images\/emoji.php\/v9\/tba\/1\/16\/1f4e3.png"},{"@type":"BreadcrumbList","@id":"https:\/\/glandasstrail.com\/?page_id=46#breadcrumb","itemListElement":[{"@type":"ListItem","position":1,"name":"Accueil","item":"https:\/\/glandasstrail.com\/"},{"@type":"ListItem","position":2,"name":"Infos pratiques"}]},{"@type":"WebSite","@id":"https:\/\/glandasstrail.com\/#website","url":"https:\/\/glandasstrail.com\/","name":"Glandass&#039;Trail","description":"Le trail des hauts plateaux du vercors","potentialAction":[{"@type":"SearchAction","target":{"@type":"EntryPoint","urlTemplate":"https:\/\/glandasstrail.com\/?s={search_term_string}"},"query-input":{"@type":"PropertyValueSpecification","valueRequired":true,"valueName":"search_term_string"}}],"inLanguage":"fr-FR"}]}},"_links":{"self":[{"href":"https:\/\/glandasstrail.com\/index.php?rest_route=\/wp\/v2\/pages\/46","targetHints":{"allow":["GET"]}}],"collection":[{"href":"https:\/\/glandasstrail.com\/index.php?rest_route=\/wp\/v2\/pages"}],"about":[{"href":"https:\/\/glandasstrail.com\/index.php?rest_route=\/wp\/v2\/types\/page"}],"author":[{"embeddable":true,"href":"https:\/\/glandasstrail.com\/index.php?rest_route=\/wp\/v2\/users\/1"}],"replies":[{"embeddable":true,"href":"https:\/\/glandasstrail.com\/index.php?rest_route=%2Fwp%2Fv2%2Fcomments&post=46"}],"version-history":[{"count":78,"href":"https:\/\/glandasstrail.com\/index.php?rest_route=\/wp\/v2\/pages\/46\/revisions"}],"predecessor-version":[{"id":1118,"href":"https:\/\/glandasstrail.com\/index.php?rest_route=\/wp\/v2\/pages\/46\/revisions\/1118"}],"wp:attachment":[{"href":"https:\/\/glandasstrail.com\/index.php?rest_route=%2Fwp%2Fv2%2Fmedia&parent=46"}],"curies":[{"name":"wp","href":"https:\/\/api.w.org\/{rel}","templated":true}]}}