{"id":451,"date":"2017-08-11T16:11:27","date_gmt":"2017-08-11T15:11:27","guid":{"rendered":"http:\/\/www.glandasstrail.com\/?page_id=451"},"modified":"2017-08-11T16:11:27","modified_gmt":"2017-08-11T15:11:27","slug":"camping-les-chaussieres","status":"publish","type":"page","link":"https:\/\/glandasstrail.com\/?page_id=451","title":{"rendered":"Camping les Chaussi\u00e8res"},"content":{"rendered":"<p><a href=\"https:\/\/glandasstrail.com\/wp-content\/uploads\/2017\/08\/chaussi\u00e8re.jpg\"><img fetchpriority=\"high\" decoding=\"async\" class=\"alignnone  wp-image-452\" src=\"https:\/\/glandasstrail.com\/wp-content\/uploads\/2017\/08\/chaussi\u00e8re-300x81.jpg\" alt=\"\" width=\"541\" height=\"146\" srcset=\"https:\/\/glandasstrail.com\/wp-content\/uploads\/2017\/08\/chaussi\u00e8re-300x81.jpg 300w, https:\/\/glandasstrail.com\/wp-content\/uploads\/2017\/08\/chaussi\u00e8re.jpg 680w\" sizes=\"(max-width: 541px) 100vw, 541px\" \/><\/a><\/p>\n<div id=\"cc-inner\" class=\"cc-content-parent\">\n<div class=\"jtpl-main cc-content-parent\">\n<div class=\"jtpl-section cc-content-parent\">\n<div class=\"jtpl-content content-options cc-content-parent\">\n<div id=\"content_area\" data-container=\"content\">\n<div id=\"cc-matrix-3377792624\">\n<div id=\"cc-m-12203943324\" class=\"j-module n j-textWithImage \">\n<div>\n<div id=\"cc-m-textwithimage-12203943324\" class=\"cc-m-textwithimage-inline-rte\" data-name=\"text\" data-action=\"text\">\n<p>Camping des Chaussi\u00e8res vous accueille dans le\u00a0 village de Ch\u00e2tillon. Village blottit dans les contreforts sud du Vercors, au pied de la montagne de Glandasse, dans la r\u00e9gion du Diois. Ses ruelles m\u00e9di\u00e9vales fleuries\u00a0aux mille d\u00e9tours vous feront d\u00e9couvrir un village empreint\u00a0du pass\u00e9 et aujourd&rsquo;hui\u00a0anim\u00e9\u00a0par\u00a0la douceur de vivre dioise.<\/p>\n<div id=\"cc-inner\" class=\"cc-content-parent\">\n<div class=\"jtpl-main cc-content-parent\">\n<div class=\"jtpl-section cc-content-parent\">\n<div class=\"jtpl-content content-options cc-content-parent\">\n<div id=\"content_area\" data-container=\"content\">\n<div id=\"cc-matrix-3314294024\">\n<div id=\"cc-m-13359254124\" class=\"j-module n j-text \">\n<p>Nous vous proposons le lieu id\u00e9al pour vos vacances\u00a0dans un camping familial en plein c\u0153ur du village,\u00a0les pieds dans le Diois, la t\u00eate dans le Vercors!<\/p>\n<p><a href=\"https:\/\/www.camping-chatillonendiois.com\/visitez-le-camping-visit-the-campsite\/\" target=\"_blank\" rel=\"noopener\"><img decoding=\"async\" class=\"alignnone  wp-image-453\" src=\"https:\/\/glandasstrail.com\/wp-content\/uploads\/2017\/08\/visitez-300x49.jpg\" alt=\"\" width=\"343\" height=\"56\" srcset=\"https:\/\/glandasstrail.com\/wp-content\/uploads\/2017\/08\/visitez-300x49.jpg 300w, https:\/\/glandasstrail.com\/wp-content\/uploads\/2017\/08\/visitez.jpg 329w\" sizes=\"(max-width: 343px) 100vw, 343px\" \/><\/a><\/p>\n<p><a href=\"https:\/\/glandasstrail.com\/wp-content\/uploads\/2017\/08\/chaussieres-piscine.jpg\"><img decoding=\"async\" class=\"alignnone size-medium wp-image-454\" src=\"https:\/\/glandasstrail.com\/wp-content\/uploads\/2017\/08\/chaussieres-piscine-300x180.jpg\" alt=\"\" width=\"300\" height=\"180\" srcset=\"https:\/\/glandasstrail.com\/wp-content\/uploads\/2017\/08\/chaussieres-piscine-300x180.jpg 300w, https:\/\/glandasstrail.com\/wp-content\/uploads\/2017\/08\/chaussieres-piscine.jpg 330w\" sizes=\"(max-width: 300px) 100vw, 300px\" \/><\/a> <a href=\"https:\/\/glandasstrail.com\/wp-content\/uploads\/2017\/08\/chaussiomobil.jpg\"><img loading=\"lazy\" decoding=\"async\" class=\"alignnone  wp-image-455\" src=\"https:\/\/glandasstrail.com\/wp-content\/uploads\/2017\/08\/chaussiomobil-300x200.jpg\" alt=\"\" width=\"270\" height=\"180\" srcset=\"https:\/\/glandasstrail.com\/wp-content\/uploads\/2017\/08\/chaussiomobil-300x200.jpg 300w, https:\/\/glandasstrail.com\/wp-content\/uploads\/2017\/08\/chaussiomobil.jpg 550w\" sizes=\"(max-width: 270px) 100vw, 270px\" \/><\/a><\/p>\n<p><a href=\"https:\/\/www.camping-chatillonendiois.com\/contact\/\" target=\"_blank\" rel=\"noopener\"><img loading=\"lazy\" decoding=\"async\" class=\"alignnone  wp-image-428\" src=\"https:\/\/glandasstrail.com\/wp-content\/uploads\/2017\/08\/Capture.jpg\" alt=\"\" width=\"104\" height=\"38\" \/><\/a><\/p>\n<\/div>\n<div id=\"cc-m-13359255424\" class=\"j-module n j-hgrid \"><\/div>\n<\/div>\n<\/div>\n<\/div>\n<\/div>\n<\/div>\n<\/div>\n<\/div>\n<\/div>\n<\/div>\n<\/div>\n<\/div>\n<\/div>\n<\/div>\n<\/div>\n<\/div>\n","protected":false},"excerpt":{"rendered":"<p>Camping des Chaussi\u00e8res vous accueille dans le\u00a0 village de Ch\u00e2tillon. Village blottit dans les contreforts sud du Vercors, au pied de la montagne de Glandasse, dans la r\u00e9gion du Diois. Ses ruelles m\u00e9di\u00e9vales fleuries\u00a0aux mille d\u00e9tours vous feront d\u00e9couvrir un village empreint\u00a0du pass\u00e9 et aujourd&rsquo;hui\u00a0anim\u00e9\u00a0par\u00a0la douceur de vivre dioise. Nous<a href=\"https:\/\/glandasstrail.com\/?page_id=451\" class=\"read-more\">Read More&#8230;<\/a><\/p>\n","protected":false},"author":1,"featured_media":0,"parent":0,"menu_order":0,"comment_status":"closed","ping_status":"closed","template":"","meta":{"footnotes":""},"class_list":["post-451","page","type-page","status-publish","hentry"],"yoast_head":"<!-- This site is optimized with the Yoast SEO plugin v27.5 - https:\/\/yoast.com\/product\/yoast-seo-wordpress\/ -->\n<title>Camping les Chaussi\u00e8res - Glandass&#039;Trail<\/title>\n<meta name=\"robots\" content=\"index, follow, max-snippet:-1, max-image-preview:large, max-video-preview:-1\" \/>\n<link rel=\"canonical\" href=\"https:\/\/glandasstrail.com\/?page_id=451\" \/>\n<meta property=\"og:locale\" content=\"fr_FR\" \/>\n<meta property=\"og:type\" content=\"article\" \/>\n<meta property=\"og:title\" content=\"Camping les Chaussi\u00e8res - Glandass&#039;Trail\" \/>\n<meta property=\"og:description\" content=\"Camping des Chaussi\u00e8res vous accueille dans le\u00a0 village de Ch\u00e2tillon. Village blottit dans les contreforts sud du Vercors, au pied de la montagne de Glandasse, dans la r\u00e9gion du Diois. Ses ruelles m\u00e9di\u00e9vales fleuries\u00a0aux mille d\u00e9tours vous feront d\u00e9couvrir un village empreint\u00a0du pass\u00e9 et aujourd&rsquo;hui\u00a0anim\u00e9\u00a0par\u00a0la douceur de vivre dioise. NousRead More...\" \/>\n<meta property=\"og:url\" content=\"https:\/\/glandasstrail.com\/?page_id=451\" \/>\n<meta property=\"og:site_name\" content=\"Glandass&#039;Trail\" \/>\n<meta property=\"og:image\" content=\"http:\/\/glandasstrail.com\/wp-content\/uploads\/2017\/08\/visitez-300x49.jpg\" \/>\n<script type=\"application\/ld+json\" class=\"yoast-schema-graph\">{\"@context\":\"https:\\\/\\\/schema.org\",\"@graph\":[{\"@type\":\"WebPage\",\"@id\":\"https:\\\/\\\/glandasstrail.com\\\/?page_id=451\",\"url\":\"https:\\\/\\\/glandasstrail.com\\\/?page_id=451\",\"name\":\"Camping les Chaussi\u00e8res - Glandass&#039;Trail\",\"isPartOf\":{\"@id\":\"https:\\\/\\\/glandasstrail.com\\\/#website\"},\"primaryImageOfPage\":{\"@id\":\"https:\\\/\\\/glandasstrail.com\\\/?page_id=451#primaryimage\"},\"image\":{\"@id\":\"https:\\\/\\\/glandasstrail.com\\\/?page_id=451#primaryimage\"},\"thumbnailUrl\":\"http:\\\/\\\/glandasstrail.com\\\/wp-content\\\/uploads\\\/2017\\\/08\\\/visitez-300x49.jpg\",\"datePublished\":\"2017-08-11T15:11:27+00:00\",\"breadcrumb\":{\"@id\":\"https:\\\/\\\/glandasstrail.com\\\/?page_id=451#breadcrumb\"},\"inLanguage\":\"fr-FR\",\"potentialAction\":[{\"@type\":\"ReadAction\",\"target\":[\"https:\\\/\\\/glandasstrail.com\\\/?page_id=451\"]}]},{\"@type\":\"ImageObject\",\"inLanguage\":\"fr-FR\",\"@id\":\"https:\\\/\\\/glandasstrail.com\\\/?page_id=451#primaryimage\",\"url\":\"http:\\\/\\\/glandasstrail.com\\\/wp-content\\\/uploads\\\/2017\\\/08\\\/visitez-300x49.jpg\",\"contentUrl\":\"http:\\\/\\\/glandasstrail.com\\\/wp-content\\\/uploads\\\/2017\\\/08\\\/visitez-300x49.jpg\"},{\"@type\":\"BreadcrumbList\",\"@id\":\"https:\\\/\\\/glandasstrail.com\\\/?page_id=451#breadcrumb\",\"itemListElement\":[{\"@type\":\"ListItem\",\"position\":1,\"name\":\"Accueil\",\"item\":\"https:\\\/\\\/glandasstrail.com\\\/\"},{\"@type\":\"ListItem\",\"position\":2,\"name\":\"Camping les Chaussi\u00e8res\"}]},{\"@type\":\"WebSite\",\"@id\":\"https:\\\/\\\/glandasstrail.com\\\/#website\",\"url\":\"https:\\\/\\\/glandasstrail.com\\\/\",\"name\":\"Glandass&#039;Trail\",\"description\":\"Le trail des hauts plateaux du vercors\",\"potentialAction\":[{\"@type\":\"SearchAction\",\"target\":{\"@type\":\"EntryPoint\",\"urlTemplate\":\"https:\\\/\\\/glandasstrail.com\\\/?s={search_term_string}\"},\"query-input\":{\"@type\":\"PropertyValueSpecification\",\"valueRequired\":true,\"valueName\":\"search_term_string\"}}],\"inLanguage\":\"fr-FR\"}]}<\/script>\n<!-- \/ Yoast SEO plugin. -->","yoast_head_json":{"title":"Camping les Chaussi\u00e8res - Glandass&#039;Trail","robots":{"index":"index","follow":"follow","max-snippet":"max-snippet:-1","max-image-preview":"max-image-preview:large","max-video-preview":"max-video-preview:-1"},"canonical":"https:\/\/glandasstrail.com\/?page_id=451","og_locale":"fr_FR","og_type":"article","og_title":"Camping les Chaussi\u00e8res - Glandass&#039;Trail","og_description":"Camping des Chaussi\u00e8res vous accueille dans le\u00a0 village de Ch\u00e2tillon. Village blottit dans les contreforts sud du Vercors, au pied de la montagne de Glandasse, dans la r\u00e9gion du Diois. Ses ruelles m\u00e9di\u00e9vales fleuries\u00a0aux mille d\u00e9tours vous feront d\u00e9couvrir un village empreint\u00a0du pass\u00e9 et aujourd&rsquo;hui\u00a0anim\u00e9\u00a0par\u00a0la douceur de vivre dioise. NousRead More...","og_url":"https:\/\/glandasstrail.com\/?page_id=451","og_site_name":"Glandass&#039;Trail","og_image":[{"url":"http:\/\/glandasstrail.com\/wp-content\/uploads\/2017\/08\/visitez-300x49.jpg","type":"","width":"","height":""}],"schema":{"@context":"https:\/\/schema.org","@graph":[{"@type":"WebPage","@id":"https:\/\/glandasstrail.com\/?page_id=451","url":"https:\/\/glandasstrail.com\/?page_id=451","name":"Camping les Chaussi\u00e8res - Glandass&#039;Trail","isPartOf":{"@id":"https:\/\/glandasstrail.com\/#website"},"primaryImageOfPage":{"@id":"https:\/\/glandasstrail.com\/?page_id=451#primaryimage"},"image":{"@id":"https:\/\/glandasstrail.com\/?page_id=451#primaryimage"},"thumbnailUrl":"http:\/\/glandasstrail.com\/wp-content\/uploads\/2017\/08\/visitez-300x49.jpg","datePublished":"2017-08-11T15:11:27+00:00","breadcrumb":{"@id":"https:\/\/glandasstrail.com\/?page_id=451#breadcrumb"},"inLanguage":"fr-FR","potentialAction":[{"@type":"ReadAction","target":["https:\/\/glandasstrail.com\/?page_id=451"]}]},{"@type":"ImageObject","inLanguage":"fr-FR","@id":"https:\/\/glandasstrail.com\/?page_id=451#primaryimage","url":"http:\/\/glandasstrail.com\/wp-content\/uploads\/2017\/08\/visitez-300x49.jpg","contentUrl":"http:\/\/glandasstrail.com\/wp-content\/uploads\/2017\/08\/visitez-300x49.jpg"},{"@type":"BreadcrumbList","@id":"https:\/\/glandasstrail.com\/?page_id=451#breadcrumb","itemListElement":[{"@type":"ListItem","position":1,"name":"Accueil","item":"https:\/\/glandasstrail.com\/"},{"@type":"ListItem","position":2,"name":"Camping les Chaussi\u00e8res"}]},{"@type":"WebSite","@id":"https:\/\/glandasstrail.com\/#website","url":"https:\/\/glandasstrail.com\/","name":"Glandass&#039;Trail","description":"Le trail des hauts plateaux du vercors","potentialAction":[{"@type":"SearchAction","target":{"@type":"EntryPoint","urlTemplate":"https:\/\/glandasstrail.com\/?s={search_term_string}"},"query-input":{"@type":"PropertyValueSpecification","valueRequired":true,"valueName":"search_term_string"}}],"inLanguage":"fr-FR"}]}},"_links":{"self":[{"href":"https:\/\/glandasstrail.com\/index.php?rest_route=\/wp\/v2\/pages\/451","targetHints":{"allow":["GET"]}}],"collection":[{"href":"https:\/\/glandasstrail.com\/index.php?rest_route=\/wp\/v2\/pages"}],"about":[{"href":"https:\/\/glandasstrail.com\/index.php?rest_route=\/wp\/v2\/types\/page"}],"author":[{"embeddable":true,"href":"https:\/\/glandasstrail.com\/index.php?rest_route=\/wp\/v2\/users\/1"}],"replies":[{"embeddable":true,"href":"https:\/\/glandasstrail.com\/index.php?rest_route=%2Fwp%2Fv2%2Fcomments&post=451"}],"version-history":[{"count":1,"href":"https:\/\/glandasstrail.com\/index.php?rest_route=\/wp\/v2\/pages\/451\/revisions"}],"predecessor-version":[{"id":456,"href":"https:\/\/glandasstrail.com\/index.php?rest_route=\/wp\/v2\/pages\/451\/revisions\/456"}],"wp:attachment":[{"href":"https:\/\/glandasstrail.com\/index.php?rest_route=%2Fwp%2Fv2%2Fmedia&parent=451"}],"curies":[{"name":"wp","href":"https:\/\/api.w.org\/{rel}","templated":true}]}}