{"id":195,"date":"2017-03-01T16:02:30","date_gmt":"2017-03-01T15:02:30","guid":{"rendered":"http:\/\/www.glandasstrail.com\/?page_id=195"},"modified":"2023-05-30T10:21:47","modified_gmt":"2023-05-30T09:21:47","slug":"33-km","status":"publish","type":"page","link":"https:\/\/glandasstrail.com\/?page_id=195","title":{"rendered":"37 km"},"content":{"rendered":"<p>37km et 2235 D+ dimanche d\u00e9part 9h00 \u00ab\u00a0<a href=\"https:\/\/psorganisation-animation.com\/instinct-trail-challenge\/\">Course comptant pour le Instinct Trail Challenge<\/a>\u00a0\u00bb <a href=\"https:\/\/psorganisation-animation.com\/instinct-trail-challenge\/\"><img decoding=\"async\" class=\"alignnone wp-image-1026\" src=\"https:\/\/glandasstrail.com\/wp-content\/uploads\/2023\/03\/Logo_Instinct_Challenge-300x300.png\" alt=\"\" width=\"47\" height=\"47\" srcset=\"https:\/\/glandasstrail.com\/wp-content\/uploads\/2023\/03\/Logo_Instinct_Challenge-300x300.png 300w, https:\/\/glandasstrail.com\/wp-content\/uploads\/2023\/03\/Logo_Instinct_Challenge-150x150.png 150w, https:\/\/glandasstrail.com\/wp-content\/uploads\/2023\/03\/Logo_Instinct_Challenge-768x768.png 768w, https:\/\/glandasstrail.com\/wp-content\/uploads\/2023\/03\/Logo_Instinct_Challenge.png 900w\" sizes=\"(max-width: 47px) 100vw, 47px\" \/><\/a><\/p>\n<p>Un nouveau trac\u00e9 pour cette nouvelle \u00e9dition. Une premi\u00e8re partie commune avec le 17km, avant la s\u00e9paration au retour sur Chatillon en Diois. Un trac\u00e9 dans le parc naturel du Vercors, et un passage sous le Glandasse. Technique, en balcon, roulant par instant, les terres du Diois vont en surprendre plus d&rsquo;un.<br \/>\nLe parcours<\/p>\n<p><iframe src=\"https:\/\/iframe.tracedetrail.fr\/fr\/trace\/output2\/220839\/planign\/621678577\" width=\"600\" height=\"800\" frameborder=\"0\" marginwidth=\"0\" marginheight=\"0\" scrolling=\"no\" allowfullscreen=\"allowfullscreen\"><\/iframe><\/p>\n<p>&nbsp;<\/p>\n<p><a href=\"http:\/\/www.glandasstrail.com\/?page_id=249\"><img decoding=\"async\" class=\"alignnone wp-image-603\" src=\"https:\/\/glandasstrail.com\/wp-content\/uploads\/2017\/12\/reglement-300x199.png\" alt=\"\" width=\"208\" height=\"138\" srcset=\"https:\/\/glandasstrail.com\/wp-content\/uploads\/2017\/12\/reglement-300x199.png 300w, https:\/\/glandasstrail.com\/wp-content\/uploads\/2017\/12\/reglement.png 610w\" sizes=\"(max-width: 208px) 100vw, 208px\" \/>\u00a0<\/a><\/p>\n<p><a href=\"https:\/\/www.visugpx.com\/download.php?id=vuC1lSFEKK\"><img decoding=\"async\" class=\"alignnone size-medium wp-image-1044\" src=\"https:\/\/glandasstrail.com\/wp-content\/uploads\/2023\/05\/gpx-trace-300x136.jpg\" alt=\"\" width=\"300\" height=\"136\" srcset=\"https:\/\/glandasstrail.com\/wp-content\/uploads\/2023\/05\/gpx-trace-300x136.jpg 300w, https:\/\/glandasstrail.com\/wp-content\/uploads\/2023\/05\/gpx-trace.jpg 333w\" sizes=\"(max-width: 300px) 100vw, 300px\" \/><\/a><\/p>\n<p><a href=\"https:\/\/glandasstrail.com\/wp-content\/uploads\/2017\/03\/col-caux.jpg\"><img loading=\"lazy\" decoding=\"async\" class=\"alignnone size-medium wp-image-365\" src=\"https:\/\/glandasstrail.com\/wp-content\/uploads\/2017\/03\/col-caux-300x199.jpg\" alt=\"\" width=\"300\" height=\"199\" srcset=\"https:\/\/glandasstrail.com\/wp-content\/uploads\/2017\/03\/col-caux-300x199.jpg 300w, https:\/\/glandasstrail.com\/wp-content\/uploads\/2017\/03\/col-caux.jpg 492w\" sizes=\"(max-width: 300px) 100vw, 300px\" \/><\/a> <a href=\"https:\/\/glandasstrail.com\/wp-content\/uploads\/2017\/03\/trail-nuit.png\"><img loading=\"lazy\" decoding=\"async\" class=\"alignnone size-medium wp-image-366\" src=\"https:\/\/glandasstrail.com\/wp-content\/uploads\/2017\/03\/trail-nuit-300x157.png\" alt=\"\" width=\"300\" height=\"157\" srcset=\"https:\/\/glandasstrail.com\/wp-content\/uploads\/2017\/03\/trail-nuit-300x157.png 300w, https:\/\/glandasstrail.com\/wp-content\/uploads\/2017\/03\/trail-nuit-768x403.png 768w, https:\/\/glandasstrail.com\/wp-content\/uploads\/2017\/03\/trail-nuit.png 946w\" sizes=\"(max-width: 300px) 100vw, 300px\" \/><\/a><\/p>\n<p>&nbsp;<\/p>\n<p>&nbsp;<\/p>\n","protected":false},"excerpt":{"rendered":"<p>37km et 2235 D+ dimanche d\u00e9part 9h00 \u00ab\u00a0Course comptant pour le Instinct Trail Challenge\u00a0\u00bb Un nouveau trac\u00e9 pour cette nouvelle \u00e9dition. Une premi\u00e8re partie commune avec le 17km, avant la s\u00e9paration au retour sur Chatillon en Diois. Un trac\u00e9 dans le parc naturel du Vercors, et un passage sous le<a href=\"https:\/\/glandasstrail.com\/?page_id=195\" class=\"read-more\">Read More&#8230;<\/a><\/p>\n","protected":false},"author":1,"featured_media":0,"parent":0,"menu_order":0,"comment_status":"closed","ping_status":"closed","template":"","meta":{"footnotes":""},"class_list":["post-195","page","type-page","status-publish","hentry"],"yoast_head":"<!-- This site is optimized with the Yoast SEO plugin v27.5 - https:\/\/yoast.com\/product\/yoast-seo-wordpress\/ -->\n<title>37 km - Glandass&#039;Trail<\/title>\n<meta name=\"robots\" content=\"index, follow, max-snippet:-1, max-image-preview:large, max-video-preview:-1\" \/>\n<link rel=\"canonical\" href=\"https:\/\/glandasstrail.com\/?page_id=195\" \/>\n<meta property=\"og:locale\" content=\"fr_FR\" \/>\n<meta property=\"og:type\" content=\"article\" \/>\n<meta property=\"og:title\" content=\"37 km - Glandass&#039;Trail\" \/>\n<meta property=\"og:description\" content=\"37km et 2235 D+ dimanche d\u00e9part 9h00 \u00ab\u00a0Course comptant pour le Instinct Trail Challenge\u00a0\u00bb Un nouveau trac\u00e9 pour cette nouvelle \u00e9dition. Une premi\u00e8re partie commune avec le 17km, avant la s\u00e9paration au retour sur Chatillon en Diois. Un trac\u00e9 dans le parc naturel du Vercors, et un passage sous leRead More...\" \/>\n<meta property=\"og:url\" content=\"https:\/\/glandasstrail.com\/?page_id=195\" \/>\n<meta property=\"og:site_name\" content=\"Glandass&#039;Trail\" \/>\n<meta property=\"article:modified_time\" content=\"2023-05-30T09:21:47+00:00\" \/>\n<meta property=\"og:image\" content=\"http:\/\/glandasstrail.com\/wp-content\/uploads\/2023\/03\/Logo_Instinct_Challenge-300x300.png\" \/>\n<meta name=\"twitter:label1\" content=\"Dur\u00e9e de lecture estim\u00e9e\" \/>\n\t<meta name=\"twitter:data1\" content=\"2 minutes\" \/>\n<script type=\"application\/ld+json\" class=\"yoast-schema-graph\">{\"@context\":\"https:\\\/\\\/schema.org\",\"@graph\":[{\"@type\":\"WebPage\",\"@id\":\"https:\\\/\\\/glandasstrail.com\\\/?page_id=195\",\"url\":\"https:\\\/\\\/glandasstrail.com\\\/?page_id=195\",\"name\":\"37 km - Glandass&#039;Trail\",\"isPartOf\":{\"@id\":\"https:\\\/\\\/glandasstrail.com\\\/#website\"},\"primaryImageOfPage\":{\"@id\":\"https:\\\/\\\/glandasstrail.com\\\/?page_id=195#primaryimage\"},\"image\":{\"@id\":\"https:\\\/\\\/glandasstrail.com\\\/?page_id=195#primaryimage\"},\"thumbnailUrl\":\"http:\\\/\\\/glandasstrail.com\\\/wp-content\\\/uploads\\\/2023\\\/03\\\/Logo_Instinct_Challenge-300x300.png\",\"datePublished\":\"2017-03-01T15:02:30+00:00\",\"dateModified\":\"2023-05-30T09:21:47+00:00\",\"breadcrumb\":{\"@id\":\"https:\\\/\\\/glandasstrail.com\\\/?page_id=195#breadcrumb\"},\"inLanguage\":\"fr-FR\",\"potentialAction\":[{\"@type\":\"ReadAction\",\"target\":[\"https:\\\/\\\/glandasstrail.com\\\/?page_id=195\"]}]},{\"@type\":\"ImageObject\",\"inLanguage\":\"fr-FR\",\"@id\":\"https:\\\/\\\/glandasstrail.com\\\/?page_id=195#primaryimage\",\"url\":\"http:\\\/\\\/glandasstrail.com\\\/wp-content\\\/uploads\\\/2023\\\/03\\\/Logo_Instinct_Challenge-300x300.png\",\"contentUrl\":\"http:\\\/\\\/glandasstrail.com\\\/wp-content\\\/uploads\\\/2023\\\/03\\\/Logo_Instinct_Challenge-300x300.png\"},{\"@type\":\"BreadcrumbList\",\"@id\":\"https:\\\/\\\/glandasstrail.com\\\/?page_id=195#breadcrumb\",\"itemListElement\":[{\"@type\":\"ListItem\",\"position\":1,\"name\":\"Accueil\",\"item\":\"https:\\\/\\\/glandasstrail.com\\\/\"},{\"@type\":\"ListItem\",\"position\":2,\"name\":\"37 km\"}]},{\"@type\":\"WebSite\",\"@id\":\"https:\\\/\\\/glandasstrail.com\\\/#website\",\"url\":\"https:\\\/\\\/glandasstrail.com\\\/\",\"name\":\"Glandass&#039;Trail\",\"description\":\"Le trail des hauts plateaux du vercors\",\"potentialAction\":[{\"@type\":\"SearchAction\",\"target\":{\"@type\":\"EntryPoint\",\"urlTemplate\":\"https:\\\/\\\/glandasstrail.com\\\/?s={search_term_string}\"},\"query-input\":{\"@type\":\"PropertyValueSpecification\",\"valueRequired\":true,\"valueName\":\"search_term_string\"}}],\"inLanguage\":\"fr-FR\"}]}<\/script>\n<!-- \/ Yoast SEO plugin. -->","yoast_head_json":{"title":"37 km - Glandass&#039;Trail","robots":{"index":"index","follow":"follow","max-snippet":"max-snippet:-1","max-image-preview":"max-image-preview:large","max-video-preview":"max-video-preview:-1"},"canonical":"https:\/\/glandasstrail.com\/?page_id=195","og_locale":"fr_FR","og_type":"article","og_title":"37 km - Glandass&#039;Trail","og_description":"37km et 2235 D+ dimanche d\u00e9part 9h00 \u00ab\u00a0Course comptant pour le Instinct Trail Challenge\u00a0\u00bb Un nouveau trac\u00e9 pour cette nouvelle \u00e9dition. Une premi\u00e8re partie commune avec le 17km, avant la s\u00e9paration au retour sur Chatillon en Diois. Un trac\u00e9 dans le parc naturel du Vercors, et un passage sous leRead More...","og_url":"https:\/\/glandasstrail.com\/?page_id=195","og_site_name":"Glandass&#039;Trail","article_modified_time":"2023-05-30T09:21:47+00:00","og_image":[{"url":"http:\/\/glandasstrail.com\/wp-content\/uploads\/2023\/03\/Logo_Instinct_Challenge-300x300.png","type":"","width":"","height":""}],"twitter_misc":{"Dur\u00e9e de lecture estim\u00e9e":"2 minutes"},"schema":{"@context":"https:\/\/schema.org","@graph":[{"@type":"WebPage","@id":"https:\/\/glandasstrail.com\/?page_id=195","url":"https:\/\/glandasstrail.com\/?page_id=195","name":"37 km - Glandass&#039;Trail","isPartOf":{"@id":"https:\/\/glandasstrail.com\/#website"},"primaryImageOfPage":{"@id":"https:\/\/glandasstrail.com\/?page_id=195#primaryimage"},"image":{"@id":"https:\/\/glandasstrail.com\/?page_id=195#primaryimage"},"thumbnailUrl":"http:\/\/glandasstrail.com\/wp-content\/uploads\/2023\/03\/Logo_Instinct_Challenge-300x300.png","datePublished":"2017-03-01T15:02:30+00:00","dateModified":"2023-05-30T09:21:47+00:00","breadcrumb":{"@id":"https:\/\/glandasstrail.com\/?page_id=195#breadcrumb"},"inLanguage":"fr-FR","potentialAction":[{"@type":"ReadAction","target":["https:\/\/glandasstrail.com\/?page_id=195"]}]},{"@type":"ImageObject","inLanguage":"fr-FR","@id":"https:\/\/glandasstrail.com\/?page_id=195#primaryimage","url":"http:\/\/glandasstrail.com\/wp-content\/uploads\/2023\/03\/Logo_Instinct_Challenge-300x300.png","contentUrl":"http:\/\/glandasstrail.com\/wp-content\/uploads\/2023\/03\/Logo_Instinct_Challenge-300x300.png"},{"@type":"BreadcrumbList","@id":"https:\/\/glandasstrail.com\/?page_id=195#breadcrumb","itemListElement":[{"@type":"ListItem","position":1,"name":"Accueil","item":"https:\/\/glandasstrail.com\/"},{"@type":"ListItem","position":2,"name":"37 km"}]},{"@type":"WebSite","@id":"https:\/\/glandasstrail.com\/#website","url":"https:\/\/glandasstrail.com\/","name":"Glandass&#039;Trail","description":"Le trail des hauts plateaux du vercors","potentialAction":[{"@type":"SearchAction","target":{"@type":"EntryPoint","urlTemplate":"https:\/\/glandasstrail.com\/?s={search_term_string}"},"query-input":{"@type":"PropertyValueSpecification","valueRequired":true,"valueName":"search_term_string"}}],"inLanguage":"fr-FR"}]}},"_links":{"self":[{"href":"https:\/\/glandasstrail.com\/index.php?rest_route=\/wp\/v2\/pages\/195","targetHints":{"allow":["GET"]}}],"collection":[{"href":"https:\/\/glandasstrail.com\/index.php?rest_route=\/wp\/v2\/pages"}],"about":[{"href":"https:\/\/glandasstrail.com\/index.php?rest_route=\/wp\/v2\/types\/page"}],"author":[{"embeddable":true,"href":"https:\/\/glandasstrail.com\/index.php?rest_route=\/wp\/v2\/users\/1"}],"replies":[{"embeddable":true,"href":"https:\/\/glandasstrail.com\/index.php?rest_route=%2Fwp%2Fv2%2Fcomments&post=195"}],"version-history":[{"count":27,"href":"https:\/\/glandasstrail.com\/index.php?rest_route=\/wp\/v2\/pages\/195\/revisions"}],"predecessor-version":[{"id":1046,"href":"https:\/\/glandasstrail.com\/index.php?rest_route=\/wp\/v2\/pages\/195\/revisions\/1046"}],"wp:attachment":[{"href":"https:\/\/glandasstrail.com\/index.php?rest_route=%2Fwp%2Fv2%2Fmedia&parent=195"}],"curies":[{"name":"wp","href":"https:\/\/api.w.org\/{rel}","templated":true}]}}