{"id":101,"date":"2016-10-27T16:30:49","date_gmt":"2016-10-27T15:30:49","guid":{"rendered":"http:\/\/www.glandasstrail.com\/?page_id=101"},"modified":"2018-04-23T13:54:34","modified_gmt":"2018-04-23T12:54:34","slug":"les-contacts","status":"publish","type":"page","link":"https:\/\/glandasstrail.com\/?page_id=101","title":{"rendered":"Les contacts"},"content":{"rendered":"<h3 class=\"chapo\">Vous souhaitez des informations suppl\u00e9mentaires, n\u2019h\u00e9sitez pas \u00e0 nous contacter.<\/h3>\n<p>Organisation = &gt; orga@glandasstrail.com<\/p>\n<p>Vous souhaitez devenir b\u00e9n\u00e9voles ? T\u00e9l\u00e9chargez le formulaire ci-dessous<\/p>\n<p>WORD<a href=\"https:\/\/glandasstrail.com\/wp-content\/uploads\/2016\/10\/Formulaire-B\u00e9n\u00e9vole.doc\"> &#8211;<\/a><a href=\"https:\/\/glandasstrail.com\/wp-content\/uploads\/2016\/10\/Formulaire-B\u00e9n\u00e9vole-1.doc\">Formulaire B\u00e9n\u00e9vole<\/a>\u00a0 PDF- <a href=\"https:\/\/glandasstrail.com\/wp-content\/uploads\/2018\/04\/Formulaire-B\u00e9n\u00e9vole.pdf\">Formulaire B\u00e9n\u00e9vole<\/a><\/p>\n<p><a href=\"https:\/\/glandasstrail.com\/wp-content\/uploads\/2016\/10\/controlsaillans.jpg\"><img fetchpriority=\"high\" decoding=\"async\" class=\"alignnone size-medium wp-image-345\" src=\"https:\/\/glandasstrail.com\/wp-content\/uploads\/2016\/10\/controlsaillans-300x200.jpg\" alt=\"\" width=\"300\" height=\"200\" srcset=\"https:\/\/glandasstrail.com\/wp-content\/uploads\/2016\/10\/controlsaillans-300x200.jpg 300w, https:\/\/glandasstrail.com\/wp-content\/uploads\/2016\/10\/controlsaillans-768x512.jpg 768w, https:\/\/glandasstrail.com\/wp-content\/uploads\/2016\/10\/controlsaillans-1024x683.jpg 1024w\" sizes=\"(max-width: 300px) 100vw, 300px\" \/><\/a><\/p>\n<p>Artistes &amp; Animations contact =&gt; glandassetrail@gmail.com<\/p>\n<p><a href=\"https:\/\/glandasstrail.com\/wp-content\/uploads\/2016\/10\/drumbata2.jpg\"><img decoding=\"async\" class=\"alignnone size-medium wp-image-333\" src=\"https:\/\/glandasstrail.com\/wp-content\/uploads\/2016\/10\/drumbata2-200x300.jpg\" alt=\"\" width=\"200\" height=\"300\" srcset=\"https:\/\/glandasstrail.com\/wp-content\/uploads\/2016\/10\/drumbata2-200x300.jpg 200w, https:\/\/glandasstrail.com\/wp-content\/uploads\/2016\/10\/drumbata2-768x1150.jpg 768w, https:\/\/glandasstrail.com\/wp-content\/uploads\/2016\/10\/drumbata2-684x1024.jpg 684w, https:\/\/glandasstrail.com\/wp-content\/uploads\/2016\/10\/drumbata2-300x449.jpg 300w, https:\/\/glandasstrail.com\/wp-content\/uploads\/2016\/10\/drumbata2.jpg 1880w\" sizes=\"(max-width: 200px) 100vw, 200px\" \/><\/a><a href=\"https:\/\/glandasstrail.com\/wp-content\/uploads\/2016\/10\/drumbataproche.jpg\"><img decoding=\"async\" class=\"alignnone size-medium wp-image-337\" src=\"https:\/\/glandasstrail.com\/wp-content\/uploads\/2016\/10\/drumbataproche-300x200.jpg\" alt=\"\" width=\"300\" height=\"200\" srcset=\"https:\/\/glandasstrail.com\/wp-content\/uploads\/2016\/10\/drumbataproche-300x200.jpg 300w, https:\/\/glandasstrail.com\/wp-content\/uploads\/2016\/10\/drumbataproche-768x513.jpg 768w, https:\/\/glandasstrail.com\/wp-content\/uploads\/2016\/10\/drumbataproche-1024x684.jpg 1024w\" sizes=\"(max-width: 300px) 100vw, 300px\" \/><\/a><\/p>\n","protected":false},"excerpt":{"rendered":"<p>Vous souhaitez des informations suppl\u00e9mentaires, n\u2019h\u00e9sitez pas \u00e0 nous contacter. Organisation = &gt; orga@glandasstrail.com Vous souhaitez devenir b\u00e9n\u00e9voles ? T\u00e9l\u00e9chargez le formulaire ci-dessous WORD &#8211;Formulaire B\u00e9n\u00e9vole\u00a0 PDF- Formulaire B\u00e9n\u00e9vole Artistes &amp; Animations contact =&gt; glandassetrail@gmail.com<\/p>\n","protected":false},"author":1,"featured_media":0,"parent":0,"menu_order":0,"comment_status":"closed","ping_status":"closed","template":"","meta":{"footnotes":""},"class_list":["post-101","page","type-page","status-publish","hentry"],"yoast_head":"<!-- This site is optimized with the Yoast SEO plugin v27.5 - https:\/\/yoast.com\/product\/yoast-seo-wordpress\/ -->\n<title>Les contacts - Glandass&#039;Trail<\/title>\n<meta name=\"robots\" content=\"index, follow, max-snippet:-1, max-image-preview:large, max-video-preview:-1\" \/>\n<link rel=\"canonical\" href=\"https:\/\/glandasstrail.com\/?page_id=101\" \/>\n<meta property=\"og:locale\" content=\"fr_FR\" \/>\n<meta property=\"og:type\" content=\"article\" \/>\n<meta property=\"og:title\" content=\"Les contacts - Glandass&#039;Trail\" \/>\n<meta property=\"og:description\" content=\"Vous souhaitez des informations suppl\u00e9mentaires, n\u2019h\u00e9sitez pas \u00e0 nous contacter. Organisation = &gt; orga@glandasstrail.com Vous souhaitez devenir b\u00e9n\u00e9voles ? T\u00e9l\u00e9chargez le formulaire ci-dessous WORD &#8211;Formulaire B\u00e9n\u00e9vole\u00a0 PDF- Formulaire B\u00e9n\u00e9vole Artistes &amp; Animations contact =&gt; glandassetrail@gmail.com\" \/>\n<meta property=\"og:url\" content=\"https:\/\/glandasstrail.com\/?page_id=101\" \/>\n<meta property=\"og:site_name\" content=\"Glandass&#039;Trail\" \/>\n<meta property=\"article:modified_time\" content=\"2018-04-23T12:54:34+00:00\" \/>\n<meta property=\"og:image\" content=\"http:\/\/glandasstrail.com\/wp-content\/uploads\/2016\/10\/controlsaillans-300x200.jpg\" \/>\n<script type=\"application\/ld+json\" class=\"yoast-schema-graph\">{\"@context\":\"https:\\\/\\\/schema.org\",\"@graph\":[{\"@type\":\"WebPage\",\"@id\":\"https:\\\/\\\/glandasstrail.com\\\/?page_id=101\",\"url\":\"https:\\\/\\\/glandasstrail.com\\\/?page_id=101\",\"name\":\"Les contacts - Glandass&#039;Trail\",\"isPartOf\":{\"@id\":\"https:\\\/\\\/glandasstrail.com\\\/#website\"},\"primaryImageOfPage\":{\"@id\":\"https:\\\/\\\/glandasstrail.com\\\/?page_id=101#primaryimage\"},\"image\":{\"@id\":\"https:\\\/\\\/glandasstrail.com\\\/?page_id=101#primaryimage\"},\"thumbnailUrl\":\"http:\\\/\\\/glandasstrail.com\\\/wp-content\\\/uploads\\\/2016\\\/10\\\/controlsaillans-300x200.jpg\",\"datePublished\":\"2016-10-27T15:30:49+00:00\",\"dateModified\":\"2018-04-23T12:54:34+00:00\",\"breadcrumb\":{\"@id\":\"https:\\\/\\\/glandasstrail.com\\\/?page_id=101#breadcrumb\"},\"inLanguage\":\"fr-FR\",\"potentialAction\":[{\"@type\":\"ReadAction\",\"target\":[\"https:\\\/\\\/glandasstrail.com\\\/?page_id=101\"]}]},{\"@type\":\"ImageObject\",\"inLanguage\":\"fr-FR\",\"@id\":\"https:\\\/\\\/glandasstrail.com\\\/?page_id=101#primaryimage\",\"url\":\"http:\\\/\\\/glandasstrail.com\\\/wp-content\\\/uploads\\\/2016\\\/10\\\/controlsaillans-300x200.jpg\",\"contentUrl\":\"http:\\\/\\\/glandasstrail.com\\\/wp-content\\\/uploads\\\/2016\\\/10\\\/controlsaillans-300x200.jpg\"},{\"@type\":\"BreadcrumbList\",\"@id\":\"https:\\\/\\\/glandasstrail.com\\\/?page_id=101#breadcrumb\",\"itemListElement\":[{\"@type\":\"ListItem\",\"position\":1,\"name\":\"Accueil\",\"item\":\"https:\\\/\\\/glandasstrail.com\\\/\"},{\"@type\":\"ListItem\",\"position\":2,\"name\":\"Les contacts\"}]},{\"@type\":\"WebSite\",\"@id\":\"https:\\\/\\\/glandasstrail.com\\\/#website\",\"url\":\"https:\\\/\\\/glandasstrail.com\\\/\",\"name\":\"Glandass&#039;Trail\",\"description\":\"Le trail des hauts plateaux du vercors\",\"potentialAction\":[{\"@type\":\"SearchAction\",\"target\":{\"@type\":\"EntryPoint\",\"urlTemplate\":\"https:\\\/\\\/glandasstrail.com\\\/?s={search_term_string}\"},\"query-input\":{\"@type\":\"PropertyValueSpecification\",\"valueRequired\":true,\"valueName\":\"search_term_string\"}}],\"inLanguage\":\"fr-FR\"}]}<\/script>\n<!-- \/ Yoast SEO plugin. -->","yoast_head_json":{"title":"Les contacts - Glandass&#039;Trail","robots":{"index":"index","follow":"follow","max-snippet":"max-snippet:-1","max-image-preview":"max-image-preview:large","max-video-preview":"max-video-preview:-1"},"canonical":"https:\/\/glandasstrail.com\/?page_id=101","og_locale":"fr_FR","og_type":"article","og_title":"Les contacts - Glandass&#039;Trail","og_description":"Vous souhaitez des informations suppl\u00e9mentaires, n\u2019h\u00e9sitez pas \u00e0 nous contacter. Organisation = &gt; orga@glandasstrail.com Vous souhaitez devenir b\u00e9n\u00e9voles ? T\u00e9l\u00e9chargez le formulaire ci-dessous WORD &#8211;Formulaire B\u00e9n\u00e9vole\u00a0 PDF- Formulaire B\u00e9n\u00e9vole Artistes &amp; Animations contact =&gt; glandassetrail@gmail.com","og_url":"https:\/\/glandasstrail.com\/?page_id=101","og_site_name":"Glandass&#039;Trail","article_modified_time":"2018-04-23T12:54:34+00:00","og_image":[{"url":"http:\/\/glandasstrail.com\/wp-content\/uploads\/2016\/10\/controlsaillans-300x200.jpg","type":"","width":"","height":""}],"schema":{"@context":"https:\/\/schema.org","@graph":[{"@type":"WebPage","@id":"https:\/\/glandasstrail.com\/?page_id=101","url":"https:\/\/glandasstrail.com\/?page_id=101","name":"Les contacts - Glandass&#039;Trail","isPartOf":{"@id":"https:\/\/glandasstrail.com\/#website"},"primaryImageOfPage":{"@id":"https:\/\/glandasstrail.com\/?page_id=101#primaryimage"},"image":{"@id":"https:\/\/glandasstrail.com\/?page_id=101#primaryimage"},"thumbnailUrl":"http:\/\/glandasstrail.com\/wp-content\/uploads\/2016\/10\/controlsaillans-300x200.jpg","datePublished":"2016-10-27T15:30:49+00:00","dateModified":"2018-04-23T12:54:34+00:00","breadcrumb":{"@id":"https:\/\/glandasstrail.com\/?page_id=101#breadcrumb"},"inLanguage":"fr-FR","potentialAction":[{"@type":"ReadAction","target":["https:\/\/glandasstrail.com\/?page_id=101"]}]},{"@type":"ImageObject","inLanguage":"fr-FR","@id":"https:\/\/glandasstrail.com\/?page_id=101#primaryimage","url":"http:\/\/glandasstrail.com\/wp-content\/uploads\/2016\/10\/controlsaillans-300x200.jpg","contentUrl":"http:\/\/glandasstrail.com\/wp-content\/uploads\/2016\/10\/controlsaillans-300x200.jpg"},{"@type":"BreadcrumbList","@id":"https:\/\/glandasstrail.com\/?page_id=101#breadcrumb","itemListElement":[{"@type":"ListItem","position":1,"name":"Accueil","item":"https:\/\/glandasstrail.com\/"},{"@type":"ListItem","position":2,"name":"Les contacts"}]},{"@type":"WebSite","@id":"https:\/\/glandasstrail.com\/#website","url":"https:\/\/glandasstrail.com\/","name":"Glandass&#039;Trail","description":"Le trail des hauts plateaux du vercors","potentialAction":[{"@type":"SearchAction","target":{"@type":"EntryPoint","urlTemplate":"https:\/\/glandasstrail.com\/?s={search_term_string}"},"query-input":{"@type":"PropertyValueSpecification","valueRequired":true,"valueName":"search_term_string"}}],"inLanguage":"fr-FR"}]}},"_links":{"self":[{"href":"https:\/\/glandasstrail.com\/index.php?rest_route=\/wp\/v2\/pages\/101","targetHints":{"allow":["GET"]}}],"collection":[{"href":"https:\/\/glandasstrail.com\/index.php?rest_route=\/wp\/v2\/pages"}],"about":[{"href":"https:\/\/glandasstrail.com\/index.php?rest_route=\/wp\/v2\/types\/page"}],"author":[{"embeddable":true,"href":"https:\/\/glandasstrail.com\/index.php?rest_route=\/wp\/v2\/users\/1"}],"replies":[{"embeddable":true,"href":"https:\/\/glandasstrail.com\/index.php?rest_route=%2Fwp%2Fv2%2Fcomments&post=101"}],"version-history":[{"count":9,"href":"https:\/\/glandasstrail.com\/index.php?rest_route=\/wp\/v2\/pages\/101\/revisions"}],"predecessor-version":[{"id":644,"href":"https:\/\/glandasstrail.com\/index.php?rest_route=\/wp\/v2\/pages\/101\/revisions\/644"}],"wp:attachment":[{"href":"https:\/\/glandasstrail.com\/index.php?rest_route=%2Fwp%2Fv2%2Fmedia&parent=101"}],"curies":[{"name":"wp","href":"https:\/\/api.w.org\/{rel}","templated":true}]}}